{"id":1135,"date":"2022-07-12T10:43:41","date_gmt":"2022-07-12T08:43:41","guid":{"rendered":"https:\/\/kaffeteriet.com\/about-us\/"},"modified":"2023-04-04T15:41:43","modified_gmt":"2023-04-04T13:41:43","slug":"about-us","status":"publish","type":"page","link":"https:\/\/kaffeteriet.com\/en\/about-us\/","title":{"rendered":"About us"},"content":{"rendered":"<p>[et_pb_section fb_built=&#8221;1&#8243; next_background_color=&#8221;#ffffff&#8221; _builder_version=&#8221;4.17.4&#8243; _module_preset=&#8221;default&#8221; background_color=&#8221;#C2AB92&#8243; use_background_color_gradient=&#8221;on&#8221; background_color_gradient_stops=&#8221;#c2ab92 1%|#ffffff 100%&#8221; min_height=&#8221;1578.2px&#8221; custom_margin=&#8221;-10px|||||&#8221; custom_padding=&#8221;7px|||||&#8221; bottom_divider_style=&#8221;arrow2&#8243; bottom_divider_color_tablet=&#8221;&#8221; bottom_divider_color_phone=&#8221;&#8221; bottom_divider_color_last_edited=&#8221;on|phone&#8221; bottom_divider_height_tablet=&#8221;&#8221; bottom_divider_height_phone=&#8221;73px&#8221; bottom_divider_height_last_edited=&#8221;on|phone&#8221; global_colors_info=&#8221;{}&#8221;][et_pb_row column_structure=&#8221;3_5,2_5&#8243; _builder_version=&#8221;4.17.4&#8243; _module_preset=&#8221;default&#8221; custom_margin=&#8221;29px|auto||auto||&#8221; custom_padding=&#8221;||0px|||&#8221; global_colors_info=&#8221;{}&#8221;][et_pb_column type=&#8221;3_5&#8243; _builder_version=&#8221;4.17.4&#8243; _module_preset=&#8221;default&#8221; global_colors_info=&#8221;{}&#8221;][et_pb_text _builder_version=&#8221;4.19.0&#8243; _module_preset=&#8221;default&#8221; text_font=&#8221;||||||||&#8221; global_colors_info=&#8221;{}&#8221;]<\/p>\n<p>ABOUT KAFFETERIET BY THE G\u00d6TA CANAL<\/p>\n<h1><strong>Welcome to Kaffeteriet!<\/strong><\/h1>\n<p>Kaffeteriet opened in the summer of 2014. On offer are camper pitches for campervans, minigolf, bicycle rental and caf\u00e9 serving snacks, ice-cream and light meals. During the summer season the facility is open seven days a week. During the winter only the Camper Park is open, weather permitting.<\/p>\n<h3>At the G\u00f6ta Canal<\/h3>\n<p>The choice of location is the pleasure of working by the beautiful G\u00f6ta Canal. This historic place and self-sufficient Borensberg represent a unique part of Sweden.<\/p>\n<p>The ambiance of Kaffeteriet is created through a passionate interest in retro d\u00e9cor \u2013 stylish sustainable d\u00e9cor from the ground-breaking years around the 50s, 60s and 70s. Partly for the sake of the beautiful design and partly with regard to recycling.<\/p>\n<p>Here, in the peace and quiet, you can drink a good cup of coffee with something tasty on the side and enjoy beautiful things!<\/p>\n<p>The building was erected between 1860-1880 as a granary and has through the years housed companies like \u00d6stg\u00f6ta Lantm\u00e4n as well as Odal. It was used as a storehouse for a long time before the G\u00f6ta Canal Company carried out the extensive renovation during the winter of 2014.<\/p>\n<p>Kaffeteriet is privately run, and like most other small businesses cares about doing things well. So as a guest you feel welcome and appreciated. And you will be happy to return.<\/p>\n<p>Nothing is perfect, but we are always trying to improve. Of course we also have expectations of you as a guest. That you will help us to keep this environment clean, pleasant and tidy.<\/p>\n<h3>Range with feeling<\/h3>\n<p>The caf\u00e9&#8217;s selection is carefully selected. Made according to our own recipes or carefully selected from preferably local suppliers.<\/p>\n<p>The coffee and tea you drink comes from a speciality coffee roastery and is always of very high standard. The beans are carefully selected for their quality and superior taste in the cup.<\/p>\n<h3>Minigolf<\/h3>\n<p>The Minigolf course will be of competition level when it is fully extended to 18 holes.<\/p>\n<p>At the moment it is a 12-hole course, which takes about 30-45 minutes to play. A perfect break when you have the time \u2013 alone or with a group of friends.<\/p>\n<p>The Camper Park has very quickly become popular and appreciated. By the magazine <span style=\"text-decoration: underline; color: #000000;\"><a href=\"https:\/\/www.husbilhusvagn.se\/nyheter\/har-ar-arets-stallplats-2015\" target=\"_blank\" rel=\"noopener\" style=\"color: #000000; text-decoration: underline;\">Husbil &amp;amp; Husvagn<\/a> was named the 2015 Caravan Park of the Year<\/span>. With gratitude and humility, we are trying to develop it further. Today, you as a guest, can come and check-in outside opening hours. Everything can be taken care of remotely &#8211; payment, electricity and access to the service facilities. Everything can be taken care of remotely &#8211; payment, electricity and access to the service facilities.<\/p>\n<p>In Borensberg and surroundings you can find an attractive selection of activities and shops.<\/p>\n<p><em>A warm welcome!<\/em><\/p>\n<p>[\/et_pb_text][\/et_pb_column][et_pb_column type=&#8221;2_5&#8243; _builder_version=&#8221;4.17.4&#8243; _module_preset=&#8221;default&#8221; global_colors_info=&#8221;{}&#8221;][et_pb_image src=&#8221;https:\/\/kaffeteriet.com\/wp-content\/uploads\/2022\/11\/kaffeteriet-exterior-640&#215;640-1-300&#215;300.jpg&#8221; title_text=&#8221;coffee shop exterior 640&#215;640&#8243; _builder_version=&#8221;4.18.1&#8243; _module_preset=&#8221;default&#8221; custom_padding=&#8221;||0px|||&#8221; global_colors_info=&#8221;{}&#8221;][\/et_pb_image][et_pb_image src=&#8221;https:\/\/kaffeteriet.com\/wp-content\/uploads\/2022\/11\/209013112_983071585855892_2898495312837223485_n-300&#215;300.jpg&#8221; title_text=&#8221;209013112_983071585855892_2898495312837223485_n&#8221; _builder_version=&#8221;4.18.1&#8243; _module_preset=&#8221;default&#8221; custom_padding=&#8221;||0px|||&#8221; global_colors_info=&#8221;{}&#8221;][\/et_pb_image][et_pb_image src=&#8221;https:\/\/kaffeteriet.com\/wp-content\/uploads\/2022\/09\/Minigolf-Kaffeteriet-300&#215;169.png&#8221; title_text=&#8221;Minigolf Kaffeteriet&#8221; _builder_version=&#8221;4.18.1&#8243; _module_preset=&#8221;default&#8221; global_colors_info=&#8221;{}&#8221;][\/et_pb_image][\/et_pb_column][\/et_pb_row][\/et_pb_section][et_pb_section fb_built=&#8221;1&#8243; use_custom_gutter=&#8221;on&#8221; specialty=&#8221;on&#8221; _builder_version=&#8221;4.17.4&#8243; _module_preset=&#8221;default&#8221; inner_max_width=&#8221;1200px&#8221; inner_module_alignment=&#8221;center&#8221; global_colors_info=&#8221;{}&#8221;][et_pb_column type=&#8221;1_2&#8243; _builder_version=&#8221;4.16&#8243; custom_padding=&#8221;|||&#8221; global_colors_info=&#8221;{}&#8221; custom_padding__hover=&#8221;|||&#8221;][et_pb_image src=&#8221;https:\/\/kaffeteriet.com\/wp-content\/uploads\/2022\/07\/pexels-chevanon-photography-302899_300pix.jpg&#8221; title_text=&#8221;pexels-chevanon-photography-302899_300pix&#8221; align_tablet=&#8221;right&#8221; align_phone=&#8221;center&#8221; align_last_edited=&#8221;on|phone&#8221; _builder_version=&#8221;4.18.1&#8243; _module_preset=&#8221;default&#8221; min_height=&#8221;271px&#8221; global_colors_info=&#8221;{}&#8221;][\/et_pb_image][\/et_pb_column][et_pb_column type=&#8221;1_2&#8243; specialty_columns=&#8221;2&#8243; _builder_version=&#8221;4.16&#8243; custom_padding=&#8221;|||&#8221; global_colors_info=&#8221;{}&#8221; custom_padding__hover=&#8221;|||&#8221;][et_pb_row_inner _builder_version=&#8221;4.17.4&#8243; _module_preset=&#8221;default&#8221; custom_padding=&#8221;||10px|||&#8221; global_colors_info=&#8221;{}&#8221;][et_pb_column_inner saved_specialty_column_type=&#8221;1_2&#8243; _builder_version=&#8221;4.17.4&#8243; _module_preset=&#8221;default&#8221; global_colors_info=&#8221;{}&#8221;][et_pb_text _builder_version=&#8221;4.17.4&#8243; _module_preset=&#8221;default&#8221; text_orientation_tablet=&#8221;&#8221; text_orientation_phone=&#8221;center&#8221; text_orientation_last_edited=&#8221;on|phone&#8221; global_colors_info=&#8221;{}&#8221;]<\/p>\n<h2>There is a festive feeling here!<\/h2>\n<p>Our lovely milieu and appetising snacks, plus our pleasant guests and charming personnel make a visit here with us very special.<\/p>\n<p>[\/et_pb_text][\/et_pb_column_inner][\/et_pb_row_inner][et_pb_row_inner column_structure=&#8221;1_3,1_3,1_3&#8243; use_custom_gutter=&#8221;on&#8221; _builder_version=&#8221;4.17.4&#8243; _module_preset=&#8221;default&#8221; custom_margin=&#8221;-22px|||||&#8221; custom_padding=&#8221;17px|||||&#8221; global_colors_info=&#8221;{}&#8221;][et_pb_column_inner type=&#8221;1_3&#8243; saved_specialty_column_type=&#8221;1_2&#8243; _builder_version=&#8221;4.17.4&#8243; _module_preset=&#8221;default&#8221; global_colors_info=&#8221;{}&#8221;][et_pb_number_counter title=&#8221;employees&#8221; number=&#8221;12&#8243; percent_sign=&#8221;off&#8221; _builder_version=&#8221;4.18.1&#8243; _module_preset=&#8221;default&#8221; title_font=&#8221;||||||||&#8221; number_font=&#8221;|600|||||||&#8221; number_text_color=&#8221;#C2AB92&#8243; number_line_height=&#8221;89px&#8221; animation_style=&#8221;zoom&#8221; animation_intensity_zoom=&#8221;10%&#8221; global_colors_info=&#8221;{}&#8221;][\/et_pb_number_counter][\/et_pb_column_inner][et_pb_column_inner type=&#8221;1_3&#8243; saved_specialty_column_type=&#8221;1_2&#8243; _builder_version=&#8221;4.17.4&#8243; _module_preset=&#8221;default&#8221; global_colors_info=&#8221;{}&#8221;][et_pb_number_counter title=&#8221;pitches&#8221; number=&#8221;45&#8243; percent_sign=&#8221;off&#8221; _builder_version=&#8221;4.17.4&#8243; _module_preset=&#8221;default&#8221; title_font=&#8221;||||||||&#8221; number_font=&#8221;|600|||||||&#8221; number_text_color=&#8221;#C2AB92&#8243; number_line_height=&#8221;89px&#8221; animation_style=&#8221;zoom&#8221; animation_intensity_zoom=&#8221;10%&#8221; global_colors_info=&#8221;{}&#8221;][\/et_pb_number_counter][\/et_pb_column_inner][et_pb_column_inner type=&#8221;1_3&#8243; saved_specialty_column_type=&#8221;1_2&#8243; _builder_version=&#8221;4.17.4&#8243; _module_preset=&#8221;default&#8221; global_colors_info=&#8221;{}&#8221;][et_pb_number_counter title=&#8221;bicycles approx.&#8221; number=&#8221;100&#8243; percent_sign=&#8221;off&#8221; _builder_version=&#8221;4.18.1&#8243; _module_preset=&#8221;default&#8221; title_font=&#8221;||||||||&#8221; number_font=&#8221;|600|||||||&#8221; number_text_color=&#8221;#C2AB92&#8243; number_line_height=&#8221;89px&#8221; animation_style=&#8221;zoom&#8221; animation_intensity_zoom=&#8221;10%&#8221; global_colors_info=&#8221;{}&#8221;][\/et_pb_number_counter][\/et_pb_column_inner][\/et_pb_row_inner][\/et_pb_column][\/et_pb_section]<\/p>\n","protected":false},"excerpt":{"rendered":"<p>ABOUT KAFFETERIET BY THE G\u00d6TA CANAL Welcome to Kaffeteriet! Kaffeteriet opened in the summer of 2014. On offer are camper pitches for campervans, minigolf, bicycle rental and caf\u00e9 serving snacks, ice-cream and light meals. During the summer season the facility is open seven days a week. During the winter only the Camper Park is open, [&hellip;]<\/p>\n","protected":false},"author":1,"featured_media":0,"parent":0,"menu_order":0,"comment_status":"closed","ping_status":"closed","template":"","meta":{"_et_pb_use_builder":"on","_et_pb_old_content":"","_et_gb_content_width":"","footnotes":""},"class_list":["post-1135","page","type-page","status-publish","hentry"],"yoast_head":"<!-- This site is optimized with the Yoast SEO plugin v24.1 - https:\/\/yoast.com\/wordpress\/plugins\/seo\/ -->\n<title>About us - Kaffeteriet<\/title>\n<meta name=\"description\" content=\"Caf\u00e9 and campsite in Borensberg, with mini golf, home baking, bike rental and lovely surroundings. The coffee shop started in the summer of 2014.\" \/>\n<meta name=\"robots\" content=\"index, follow, max-snippet:-1, max-image-preview:large, max-video-preview:-1\" \/>\n<link rel=\"canonical\" href=\"https:\/\/kaffeteriet.com\/en\/about-us\/\" \/>\n<meta property=\"og:locale\" content=\"en_US\" \/>\n<meta property=\"og:type\" content=\"article\" \/>\n<meta property=\"og:title\" content=\"About us - Kaffeteriet\" \/>\n<meta property=\"og:description\" content=\"Caf\u00e9 and campsite in Borensberg, with mini golf, home baking, bike rental and lovely surroundings. The coffee shop started in the summer of 2014.\" \/>\n<meta property=\"og:url\" content=\"https:\/\/kaffeteriet.com\/en\/about-us\/\" \/>\n<meta property=\"og:site_name\" content=\"Kaffeteriet\" \/>\n<meta property=\"article:modified_time\" content=\"2023-04-04T13:41:43+00:00\" \/>\n<meta name=\"twitter:card\" content=\"summary_large_image\" \/>\n<meta name=\"twitter:label1\" content=\"Est. reading time\" \/>\n\t<meta name=\"twitter:data1\" content=\"6 minutes\" \/>\n<script type=\"application\/ld+json\" class=\"yoast-schema-graph\">{\"@context\":\"https:\/\/schema.org\",\"@graph\":[{\"@type\":\"WebPage\",\"@id\":\"https:\/\/kaffeteriet.com\/en\/about-us\/\",\"url\":\"https:\/\/kaffeteriet.com\/en\/about-us\/\",\"name\":\"About us - Kaffeteriet\",\"isPartOf\":{\"@id\":\"https:\/\/kaffeteriet.com\/en\/#website\"},\"datePublished\":\"2022-07-12T08:43:41+00:00\",\"dateModified\":\"2023-04-04T13:41:43+00:00\",\"description\":\"Caf\u00e9 and campsite in Borensberg, with mini golf, home baking, bike rental and lovely surroundings. The coffee shop started in the summer of 2014.\",\"breadcrumb\":{\"@id\":\"https:\/\/kaffeteriet.com\/en\/about-us\/#breadcrumb\"},\"inLanguage\":\"en-US\",\"potentialAction\":[{\"@type\":\"ReadAction\",\"target\":[\"https:\/\/kaffeteriet.com\/en\/about-us\/\"]}]},{\"@type\":\"BreadcrumbList\",\"@id\":\"https:\/\/kaffeteriet.com\/en\/about-us\/#breadcrumb\",\"itemListElement\":[{\"@type\":\"ListItem\",\"position\":1,\"name\":\"Hem\",\"item\":\"https:\/\/kaffeteriet.com\/en\/home\/\"},{\"@type\":\"ListItem\",\"position\":2,\"name\":\"About us\"}]},{\"@type\":\"WebSite\",\"@id\":\"https:\/\/kaffeteriet.com\/en\/#website\",\"url\":\"https:\/\/kaffeteriet.com\/en\/\",\"name\":\"Kaffeteriet\",\"description\":\"St\u00e4llplats, gott kaffe och charmig retro\",\"publisher\":{\"@id\":\"https:\/\/kaffeteriet.com\/en\/#organization\"},\"potentialAction\":[{\"@type\":\"SearchAction\",\"target\":{\"@type\":\"EntryPoint\",\"urlTemplate\":\"https:\/\/kaffeteriet.com\/en\/?s={search_term_string}\"},\"query-input\":{\"@type\":\"PropertyValueSpecification\",\"valueRequired\":true,\"valueName\":\"search_term_string\"}}],\"inLanguage\":\"en-US\"},{\"@type\":\"Organization\",\"@id\":\"https:\/\/kaffeteriet.com\/en\/#organization\",\"name\":\"Kaffeteriet vid G\u00f6ta kanal\",\"alternateName\":\"Kaffeteriet\",\"url\":\"https:\/\/kaffeteriet.com\/en\/\",\"logo\":{\"@type\":\"ImageObject\",\"inLanguage\":\"en-US\",\"@id\":\"https:\/\/kaffeteriet.com\/en\/#\/schema\/logo\/image\/\",\"url\":\"https:\/\/kaffeteriet.com\/wp-content\/uploads\/2022\/11\/Kaffeteriet_C1_500pix-R.jpg\",\"contentUrl\":\"https:\/\/kaffeteriet.com\/wp-content\/uploads\/2022\/11\/Kaffeteriet_C1_500pix-R.jpg\",\"width\":500,\"height\":91,\"caption\":\"Kaffeteriet vid G\u00f6ta kanal\"},\"image\":{\"@id\":\"https:\/\/kaffeteriet.com\/en\/#\/schema\/logo\/image\/\"},\"sameAs\":[\"https:\/\/www.instagram.com\/kaffeteriet\/\"]}]}<\/script>\n<!-- \/ Yoast SEO plugin. -->","yoast_head_json":{"title":"About us - Kaffeteriet","description":"Caf\u00e9 and campsite in Borensberg, with mini golf, home baking, bike rental and lovely surroundings. The coffee shop started in the summer of 2014.","robots":{"index":"index","follow":"follow","max-snippet":"max-snippet:-1","max-image-preview":"max-image-preview:large","max-video-preview":"max-video-preview:-1"},"canonical":"https:\/\/kaffeteriet.com\/en\/about-us\/","og_locale":"en_US","og_type":"article","og_title":"About us - Kaffeteriet","og_description":"Caf\u00e9 and campsite in Borensberg, with mini golf, home baking, bike rental and lovely surroundings. The coffee shop started in the summer of 2014.","og_url":"https:\/\/kaffeteriet.com\/en\/about-us\/","og_site_name":"Kaffeteriet","article_modified_time":"2023-04-04T13:41:43+00:00","twitter_card":"summary_large_image","twitter_misc":{"Est. reading time":"6 minutes"},"schema":{"@context":"https:\/\/schema.org","@graph":[{"@type":"WebPage","@id":"https:\/\/kaffeteriet.com\/en\/about-us\/","url":"https:\/\/kaffeteriet.com\/en\/about-us\/","name":"About us - Kaffeteriet","isPartOf":{"@id":"https:\/\/kaffeteriet.com\/en\/#website"},"datePublished":"2022-07-12T08:43:41+00:00","dateModified":"2023-04-04T13:41:43+00:00","description":"Caf\u00e9 and campsite in Borensberg, with mini golf, home baking, bike rental and lovely surroundings. The coffee shop started in the summer of 2014.","breadcrumb":{"@id":"https:\/\/kaffeteriet.com\/en\/about-us\/#breadcrumb"},"inLanguage":"en-US","potentialAction":[{"@type":"ReadAction","target":["https:\/\/kaffeteriet.com\/en\/about-us\/"]}]},{"@type":"BreadcrumbList","@id":"https:\/\/kaffeteriet.com\/en\/about-us\/#breadcrumb","itemListElement":[{"@type":"ListItem","position":1,"name":"Hem","item":"https:\/\/kaffeteriet.com\/en\/home\/"},{"@type":"ListItem","position":2,"name":"About us"}]},{"@type":"WebSite","@id":"https:\/\/kaffeteriet.com\/en\/#website","url":"https:\/\/kaffeteriet.com\/en\/","name":"Kaffeteriet","description":"St\u00e4llplats, gott kaffe och charmig retro","publisher":{"@id":"https:\/\/kaffeteriet.com\/en\/#organization"},"potentialAction":[{"@type":"SearchAction","target":{"@type":"EntryPoint","urlTemplate":"https:\/\/kaffeteriet.com\/en\/?s={search_term_string}"},"query-input":{"@type":"PropertyValueSpecification","valueRequired":true,"valueName":"search_term_string"}}],"inLanguage":"en-US"},{"@type":"Organization","@id":"https:\/\/kaffeteriet.com\/en\/#organization","name":"Kaffeteriet vid G\u00f6ta kanal","alternateName":"Kaffeteriet","url":"https:\/\/kaffeteriet.com\/en\/","logo":{"@type":"ImageObject","inLanguage":"en-US","@id":"https:\/\/kaffeteriet.com\/en\/#\/schema\/logo\/image\/","url":"https:\/\/kaffeteriet.com\/wp-content\/uploads\/2022\/11\/Kaffeteriet_C1_500pix-R.jpg","contentUrl":"https:\/\/kaffeteriet.com\/wp-content\/uploads\/2022\/11\/Kaffeteriet_C1_500pix-R.jpg","width":500,"height":91,"caption":"Kaffeteriet vid G\u00f6ta kanal"},"image":{"@id":"https:\/\/kaffeteriet.com\/en\/#\/schema\/logo\/image\/"},"sameAs":["https:\/\/www.instagram.com\/kaffeteriet\/"]}]}},"_links":{"self":[{"href":"https:\/\/kaffeteriet.com\/en\/wp-json\/wp\/v2\/pages\/1135","targetHints":{"allow":["GET"]}}],"collection":[{"href":"https:\/\/kaffeteriet.com\/en\/wp-json\/wp\/v2\/pages"}],"about":[{"href":"https:\/\/kaffeteriet.com\/en\/wp-json\/wp\/v2\/types\/page"}],"author":[{"embeddable":true,"href":"https:\/\/kaffeteriet.com\/en\/wp-json\/wp\/v2\/users\/1"}],"replies":[{"embeddable":true,"href":"https:\/\/kaffeteriet.com\/en\/wp-json\/wp\/v2\/comments?post=1135"}],"version-history":[{"count":8,"href":"https:\/\/kaffeteriet.com\/en\/wp-json\/wp\/v2\/pages\/1135\/revisions"}],"predecessor-version":[{"id":1656,"href":"https:\/\/kaffeteriet.com\/en\/wp-json\/wp\/v2\/pages\/1135\/revisions\/1656"}],"wp:attachment":[{"href":"https:\/\/kaffeteriet.com\/en\/wp-json\/wp\/v2\/media?parent=1135"}],"curies":[{"name":"wp","href":"https:\/\/api.w.org\/{rel}","templated":true}]}}