{"id":1187,"date":"2022-07-12T10:45:23","date_gmt":"2022-07-12T08:45:23","guid":{"rendered":"https:\/\/kaffeteriet.com\/echte-wohnmobilstellplaetze\/"},"modified":"2025-12-04T21:12:24","modified_gmt":"2025-12-04T20:12:24","slug":"wohnmobilstellplaetze","status":"publish","type":"page","link":"https:\/\/kaffeteriet.com\/de\/wohnmobilstellplaetze\/","title":{"rendered":"Echte Wohnmobilstellpl\u00e4tze"},"content":{"rendered":"<p>[et_pb_section fb_built=&#8220;1&#8243; _builder_version=&#8220;4.18.1&#8243; _module_preset=&#8220;default&#8220; background_color=&#8220;rgba(194,171,146,0.61)&#8220; min_height=&#8220;646.6px&#8220; custom_margin=&#8220;-12px||68px|||&#8220; custom_padding=&#8220;42px||85px|||&#8220; top_divider_style_tablet=&#8220;&#8220; top_divider_style_phone=&#8220;&#8220; top_divider_style_last_edited=&#8220;on|phone&#8220; bottom_divider_style=&#8220;ramp&#8220; bottom_divider_color=&#8220;#FFFFFF&#8220; bottom_divider_height=&#8220;67px&#8220; global_colors_info=&#8220;{}&#8220;][et_pb_row column_structure=&#8220;3_5,2_5&#8243; use_custom_gutter=&#8220;on&#8220; gutter_width=&#8220;2&#8243; _builder_version=&#8220;4.18.1&#8243; _module_preset=&#8220;default&#8220; global_colors_info=&#8220;{}&#8220;][et_pb_column type=&#8220;3_5&#8243; _builder_version=&#8220;4.17.4&#8243; _module_preset=&#8220;default&#8220; global_colors_info=&#8220;{}&#8220;][et_pb_image src=&#8220;https:\/\/kaffeteriet.com\/wp-content\/uploads\/2022\/10\/Gota_kanal_Borensberg_Kaffeteriet_Stallplats_M-2.jpg&#8220; alt=&#8220;Kaffeteriet Borensberg Cafe, Parkplatz, Minigolf G\u00f6ta Kanal&#8220; title_text=&#8220;Gota_kanal_Borensberg_Kaffeteriet_Stallplats_M-2&#8243; src_tablet=&#8220;https:\/\/kaffeteriet.com\/wp-content\/uploads\/2022\/10\/Gota_kanal_Borensberg_Kaffeteriet_Stallplats_M-2.jpg&#8220; src_phone=&#8220;https:\/\/kaffeteriet.com\/wp-content\/uploads\/2022\/10\/Gota_kanal_Borensberg_Kaffeteriet_Stallplats_M-2.jpg&#8220; src_last_edited=&#8220;on|phone&#8220; _builder_version=&#8220;4.18.1&#8243; _module_preset=&#8220;default&#8220; custom_margin=&#8220;|||-24px||&#8220; custom_padding=&#8220;|||23px||&#8220; global_colors_info=&#8220;{}&#8220;][\/et_pb_image][et_pb_text _builder_version=&#8220;4.18.0&#8243; _module_preset=&#8220;default&#8220; text_font=&#8220;Cormorant Garamond||||||||&#8220; text_font_size=&#8220;22px&#8220; inline_fonts=&#8220;Karla&#8220; global_colors_info=&#8220;{}&#8220;]<\/p>\n<h1><strong>Willkommen im Coffee Shop!<\/strong><\/h1>\n<p><span style=\"color: #000000;\"><\/span><\/p>\n<p><span style=\"color: #000000;\">Gro\u00dfz\u00fcgige R\u00e4ume mit etwas abgelegenen Pl\u00e4tzen oder entlang des Kanals im gem\u00fctlichen Borensberg.<\/span><\/p>\n<p><span style=\"color: #000000;\">Der Platz bietet Platz f\u00fcr 45 Personen, davon 37 mit und 8 ohne Stromanschluss. Sie haben Zugang zu einem sch\u00f6nen Servicegeb\u00e4ude mit Duschen, Toiletten, Geschirrsp\u00fclm\u00f6glichkeiten und einem Waschraum. Neu gebaut im Jahr 2014.<\/span><\/p>\n<p><span style=\"color: #000000;\">Wasser, M\u00fcll, Latrinen und Grauwasserentleerung sind auf dem Gel\u00e4nde selbst leicht zug\u00e4nglich.<\/span><\/p>\n<p><span style=\"color: #000000;\"><span>Der Parkplatz wird im Winter nicht gepfl\u00fcgt.<\/span><br \/><\/span><span style=\"color: #000000;\"><\/span><\/p>\n<p><span style=\"color: #000000;\">Sie befinden sich in der N\u00e4he der Gemeinde Borensberg mit Lebensmittell\u00e4den, Wanderwegen und anderen Annehmlichkeiten. Und der Spielplatz und der Strand sind nur einen Katzensprung vom Gel\u00e4nde entfernt.<\/span><\/p>\n<p><span style=\"text-decoration: underline; font-family: Karla; color: #333333;\"><span style=\"text-decoration: underline;\"><a href=\"https:\/\/www.stellpy.se\/sp?SP=2\" target=\"_blank\" rel=\"noopener\" style=\"color: #333333; text-decoration: underline;\"><span id=\"MainContent_lblSpTxt4\">EINEN WOHNMOBILSTELLPLATZ BUCHEN<\/span><\/a><\/span><\/span><\/p>\n<p>[\/et_pb_text][\/et_pb_column][et_pb_column type=&#8220;2_5&#8243; _builder_version=&#8220;4.17.4&#8243; _module_preset=&#8220;default&#8220; global_colors_info=&#8220;{}&#8220;][et_pb_video src=&#8220;https:\/\/youtube.com\/playlist?list=PLe_wEgjZ7_RiYvIBYhn-ILOAkzQglvvKq&#8220; play_icon_color=&#8220;#C2AB92&#8243; font_icon=&#8220;=||divi||400&#8243; _builder_version=&#8220;4.19.5&#8243; _module_preset=&#8220;default&#8220; width=&#8220;100%&#8220; min_height=&#8220;193.1px&#8220; custom_margin=&#8220;||152px|||&#8220; global_colors_info=&#8220;{}&#8220;][\/et_pb_video][\/et_pb_column][\/et_pb_row][\/et_pb_section]<\/p>\n","protected":false},"excerpt":{"rendered":"<p>Willkommen im Coffee Shop! Gro\u00dfz\u00fcgige R\u00e4ume mit etwas abgelegenen Pl\u00e4tzen oder entlang des Kanals im gem\u00fctlichen Borensberg. Der Platz bietet Platz f\u00fcr 45 Personen, davon 37 mit und 8 ohne Stromanschluss. Sie haben Zugang zu einem sch\u00f6nen Servicegeb\u00e4ude mit Duschen, Toiletten, Geschirrsp\u00fclm\u00f6glichkeiten und einem Waschraum. Neu gebaut im Jahr 2014. Wasser, M\u00fcll, Latrinen und Grauwasserentleerung [&hellip;]<\/p>\n","protected":false},"author":1,"featured_media":0,"parent":0,"menu_order":0,"comment_status":"closed","ping_status":"closed","template":"","meta":{"_et_pb_use_builder":"on","_et_pb_old_content":"","_et_gb_content_width":"","footnotes":""},"class_list":["post-1187","page","type-page","status-publish","hentry"],"yoast_head":"<!-- This site is optimized with the Yoast SEO plugin v24.1 - https:\/\/yoast.com\/wordpress\/plugins\/seo\/ -->\n<title>Echte Wohnmobilstellpl\u00e4tze - Kaffeteriet<\/title>\n<meta name=\"description\" content=\"Preisgekr\u00f6nter Platz mit 45 Pl\u00e4tzen, sch\u00f6n gelegen am G\u00f6ta-Kanal, ganzj\u00e4hrig ge\u00f6ffnet. Im Sommer eine kleine Idylle mit vielen Erlebnissen.\" \/>\n<meta name=\"robots\" content=\"index, follow, max-snippet:-1, max-image-preview:large, max-video-preview:-1\" \/>\n<link rel=\"canonical\" href=\"https:\/\/kaffeteriet.com\/de\/wohnmobilstellplaetze\/\" \/>\n<meta property=\"og:locale\" content=\"de_DE\" \/>\n<meta property=\"og:type\" content=\"article\" \/>\n<meta property=\"og:title\" content=\"Echte Wohnmobilstellpl\u00e4tze - Kaffeteriet\" \/>\n<meta property=\"og:description\" content=\"Preisgekr\u00f6nter Platz mit 45 Pl\u00e4tzen, sch\u00f6n gelegen am G\u00f6ta-Kanal, ganzj\u00e4hrig ge\u00f6ffnet. Im Sommer eine kleine Idylle mit vielen Erlebnissen.\" \/>\n<meta property=\"og:url\" content=\"https:\/\/kaffeteriet.com\/de\/wohnmobilstellplaetze\/\" \/>\n<meta property=\"og:site_name\" content=\"Kaffeteriet\" \/>\n<meta property=\"article:modified_time\" content=\"2025-12-04T20:12:24+00:00\" \/>\n<meta name=\"twitter:card\" content=\"summary_large_image\" \/>\n<meta name=\"twitter:label1\" content=\"Gesch\u00e4tzte Lesezeit\" \/>\n\t<meta name=\"twitter:data1\" content=\"2\u00a0Minuten\" \/>\n<script type=\"application\/ld+json\" class=\"yoast-schema-graph\">{\"@context\":\"https:\/\/schema.org\",\"@graph\":[{\"@type\":\"WebPage\",\"@id\":\"https:\/\/kaffeteriet.com\/de\/wohnmobilstellplaetze\/\",\"url\":\"https:\/\/kaffeteriet.com\/de\/wohnmobilstellplaetze\/\",\"name\":\"Echte Wohnmobilstellpl\u00e4tze - Kaffeteriet\",\"isPartOf\":{\"@id\":\"https:\/\/kaffeteriet.com\/de\/#website\"},\"datePublished\":\"2022-07-12T08:45:23+00:00\",\"dateModified\":\"2025-12-04T20:12:24+00:00\",\"description\":\"Preisgekr\u00f6nter Platz mit 45 Pl\u00e4tzen, sch\u00f6n gelegen am G\u00f6ta-Kanal, ganzj\u00e4hrig ge\u00f6ffnet. Im Sommer eine kleine Idylle mit vielen Erlebnissen.\",\"breadcrumb\":{\"@id\":\"https:\/\/kaffeteriet.com\/de\/wohnmobilstellplaetze\/#breadcrumb\"},\"inLanguage\":\"de\",\"potentialAction\":[{\"@type\":\"ReadAction\",\"target\":[\"https:\/\/kaffeteriet.com\/de\/wohnmobilstellplaetze\/\"]}]},{\"@type\":\"BreadcrumbList\",\"@id\":\"https:\/\/kaffeteriet.com\/de\/wohnmobilstellplaetze\/#breadcrumb\",\"itemListElement\":[{\"@type\":\"ListItem\",\"position\":1,\"name\":\"Hem\",\"item\":\"https:\/\/kaffeteriet.com\/de\/\"},{\"@type\":\"ListItem\",\"position\":2,\"name\":\"Echte Wohnmobilstellpl\u00e4tze\"}]},{\"@type\":\"WebSite\",\"@id\":\"https:\/\/kaffeteriet.com\/de\/#website\",\"url\":\"https:\/\/kaffeteriet.com\/de\/\",\"name\":\"Kaffeteriet\",\"description\":\"St\u00e4llplats, gott kaffe och charmig retro\",\"publisher\":{\"@id\":\"https:\/\/kaffeteriet.com\/de\/#organization\"},\"potentialAction\":[{\"@type\":\"SearchAction\",\"target\":{\"@type\":\"EntryPoint\",\"urlTemplate\":\"https:\/\/kaffeteriet.com\/de\/?s={search_term_string}\"},\"query-input\":{\"@type\":\"PropertyValueSpecification\",\"valueRequired\":true,\"valueName\":\"search_term_string\"}}],\"inLanguage\":\"de\"},{\"@type\":\"Organization\",\"@id\":\"https:\/\/kaffeteriet.com\/de\/#organization\",\"name\":\"Kaffeteriet vid G\u00f6ta kanal\",\"alternateName\":\"Kaffeteriet\",\"url\":\"https:\/\/kaffeteriet.com\/de\/\",\"logo\":{\"@type\":\"ImageObject\",\"inLanguage\":\"de\",\"@id\":\"https:\/\/kaffeteriet.com\/de\/#\/schema\/logo\/image\/\",\"url\":\"https:\/\/kaffeteriet.com\/wp-content\/uploads\/2022\/11\/Kaffeteriet_C1_500pix-R.jpg\",\"contentUrl\":\"https:\/\/kaffeteriet.com\/wp-content\/uploads\/2022\/11\/Kaffeteriet_C1_500pix-R.jpg\",\"width\":500,\"height\":91,\"caption\":\"Kaffeteriet vid G\u00f6ta kanal\"},\"image\":{\"@id\":\"https:\/\/kaffeteriet.com\/de\/#\/schema\/logo\/image\/\"},\"sameAs\":[\"https:\/\/www.instagram.com\/kaffeteriet\/\"]}]}<\/script>\n<!-- \/ Yoast SEO plugin. -->","yoast_head_json":{"title":"Echte Wohnmobilstellpl\u00e4tze - Kaffeteriet","description":"Preisgekr\u00f6nter Platz mit 45 Pl\u00e4tzen, sch\u00f6n gelegen am G\u00f6ta-Kanal, ganzj\u00e4hrig ge\u00f6ffnet. Im Sommer eine kleine Idylle mit vielen Erlebnissen.","robots":{"index":"index","follow":"follow","max-snippet":"max-snippet:-1","max-image-preview":"max-image-preview:large","max-video-preview":"max-video-preview:-1"},"canonical":"https:\/\/kaffeteriet.com\/de\/wohnmobilstellplaetze\/","og_locale":"de_DE","og_type":"article","og_title":"Echte Wohnmobilstellpl\u00e4tze - Kaffeteriet","og_description":"Preisgekr\u00f6nter Platz mit 45 Pl\u00e4tzen, sch\u00f6n gelegen am G\u00f6ta-Kanal, ganzj\u00e4hrig ge\u00f6ffnet. Im Sommer eine kleine Idylle mit vielen Erlebnissen.","og_url":"https:\/\/kaffeteriet.com\/de\/wohnmobilstellplaetze\/","og_site_name":"Kaffeteriet","article_modified_time":"2025-12-04T20:12:24+00:00","twitter_card":"summary_large_image","twitter_misc":{"Gesch\u00e4tzte Lesezeit":"2\u00a0Minuten"},"schema":{"@context":"https:\/\/schema.org","@graph":[{"@type":"WebPage","@id":"https:\/\/kaffeteriet.com\/de\/wohnmobilstellplaetze\/","url":"https:\/\/kaffeteriet.com\/de\/wohnmobilstellplaetze\/","name":"Echte Wohnmobilstellpl\u00e4tze - Kaffeteriet","isPartOf":{"@id":"https:\/\/kaffeteriet.com\/de\/#website"},"datePublished":"2022-07-12T08:45:23+00:00","dateModified":"2025-12-04T20:12:24+00:00","description":"Preisgekr\u00f6nter Platz mit 45 Pl\u00e4tzen, sch\u00f6n gelegen am G\u00f6ta-Kanal, ganzj\u00e4hrig ge\u00f6ffnet. Im Sommer eine kleine Idylle mit vielen Erlebnissen.","breadcrumb":{"@id":"https:\/\/kaffeteriet.com\/de\/wohnmobilstellplaetze\/#breadcrumb"},"inLanguage":"de","potentialAction":[{"@type":"ReadAction","target":["https:\/\/kaffeteriet.com\/de\/wohnmobilstellplaetze\/"]}]},{"@type":"BreadcrumbList","@id":"https:\/\/kaffeteriet.com\/de\/wohnmobilstellplaetze\/#breadcrumb","itemListElement":[{"@type":"ListItem","position":1,"name":"Hem","item":"https:\/\/kaffeteriet.com\/de\/"},{"@type":"ListItem","position":2,"name":"Echte Wohnmobilstellpl\u00e4tze"}]},{"@type":"WebSite","@id":"https:\/\/kaffeteriet.com\/de\/#website","url":"https:\/\/kaffeteriet.com\/de\/","name":"Kaffeteriet","description":"St\u00e4llplats, gott kaffe och charmig retro","publisher":{"@id":"https:\/\/kaffeteriet.com\/de\/#organization"},"potentialAction":[{"@type":"SearchAction","target":{"@type":"EntryPoint","urlTemplate":"https:\/\/kaffeteriet.com\/de\/?s={search_term_string}"},"query-input":{"@type":"PropertyValueSpecification","valueRequired":true,"valueName":"search_term_string"}}],"inLanguage":"de"},{"@type":"Organization","@id":"https:\/\/kaffeteriet.com\/de\/#organization","name":"Kaffeteriet vid G\u00f6ta kanal","alternateName":"Kaffeteriet","url":"https:\/\/kaffeteriet.com\/de\/","logo":{"@type":"ImageObject","inLanguage":"de","@id":"https:\/\/kaffeteriet.com\/de\/#\/schema\/logo\/image\/","url":"https:\/\/kaffeteriet.com\/wp-content\/uploads\/2022\/11\/Kaffeteriet_C1_500pix-R.jpg","contentUrl":"https:\/\/kaffeteriet.com\/wp-content\/uploads\/2022\/11\/Kaffeteriet_C1_500pix-R.jpg","width":500,"height":91,"caption":"Kaffeteriet vid G\u00f6ta kanal"},"image":{"@id":"https:\/\/kaffeteriet.com\/de\/#\/schema\/logo\/image\/"},"sameAs":["https:\/\/www.instagram.com\/kaffeteriet\/"]}]}},"_links":{"self":[{"href":"https:\/\/kaffeteriet.com\/de\/wp-json\/wp\/v2\/pages\/1187","targetHints":{"allow":["GET"]}}],"collection":[{"href":"https:\/\/kaffeteriet.com\/de\/wp-json\/wp\/v2\/pages"}],"about":[{"href":"https:\/\/kaffeteriet.com\/de\/wp-json\/wp\/v2\/types\/page"}],"author":[{"embeddable":true,"href":"https:\/\/kaffeteriet.com\/de\/wp-json\/wp\/v2\/users\/1"}],"replies":[{"embeddable":true,"href":"https:\/\/kaffeteriet.com\/de\/wp-json\/wp\/v2\/comments?post=1187"}],"version-history":[{"count":19,"href":"https:\/\/kaffeteriet.com\/de\/wp-json\/wp\/v2\/pages\/1187\/revisions"}],"predecessor-version":[{"id":2078,"href":"https:\/\/kaffeteriet.com\/de\/wp-json\/wp\/v2\/pages\/1187\/revisions\/2078"}],"wp:attachment":[{"href":"https:\/\/kaffeteriet.com\/de\/wp-json\/wp\/v2\/media?parent=1187"}],"curies":[{"name":"wp","href":"https:\/\/api.w.org\/{rel}","templated":true}]}}