{"id":1183,"date":"2022-07-12T10:43:41","date_gmt":"2022-07-12T08:43:41","guid":{"rendered":"https:\/\/kaffeteriet.com\/ueber-uns\/"},"modified":"2023-04-04T14:55:31","modified_gmt":"2023-04-04T12:55:31","slug":"ueber-uns","status":"publish","type":"page","link":"https:\/\/kaffeteriet.com\/de\/ueber-uns\/","title":{"rendered":"\u00dcber uns"},"content":{"rendered":"<p>[et_pb_section fb_built=&#8220;1&#8243; next_background_color=&#8220;#ffffff&#8220; _builder_version=&#8220;4.17.4&#8243; _module_preset=&#8220;default&#8220; background_color=&#8220;#C2AB92&#8243; use_background_color_gradient=&#8220;on&#8220; background_color_gradient_stops=&#8220;#c2ab92 1%|#ffffff 100%&#8220; min_height=&#8220;1578.2px&#8220; custom_margin=&#8220;-10px|||||&#8220; custom_padding=&#8220;7px|||||&#8220; bottom_divider_style=&#8220;arrow2&#8243; bottom_divider_color_tablet=&#8220;&#8220; bottom_divider_color_phone=&#8220;&#8220; bottom_divider_color_last_edited=&#8220;on|phone&#8220; bottom_divider_height_tablet=&#8220;&#8220; bottom_divider_height_phone=&#8220;73px&#8220; bottom_divider_height_last_edited=&#8220;on|phone&#8220; global_colors_info=&#8220;{}&#8220;][et_pb_row column_structure=&#8220;3_5,2_5&#8243; _builder_version=&#8220;4.17.4&#8243; _module_preset=&#8220;default&#8220; custom_margin=&#8220;29px|auto||auto||&#8220; custom_padding=&#8220;||0px|||&#8220; global_colors_info=&#8220;{}&#8220;][et_pb_column type=&#8220;3_5&#8243; _builder_version=&#8220;4.17.4&#8243; _module_preset=&#8220;default&#8220; global_colors_info=&#8220;{}&#8220;][et_pb_text _builder_version=&#8220;4.19.5&#8243; _module_preset=&#8220;default&#8220; text_font=&#8220;||||||||&#8220; hover_enabled=&#8220;0&#8243; global_colors_info=&#8220;{}&#8220; sticky_enabled=&#8220;0&#8243;]<\/p>\n<p>\u00dcBER DAS CAF\u00c9 KAFFETERIET AM G\u00d6TA KANAL<\/p>\n<h1><strong>Herzlich willkommen bei Kaffeteriet!<\/strong><\/h1>\n<p>Kaffeteriet wurde im Sommer 2014 gegr\u00fcndet. Das Angebot besteht aus Stellpl\u00e4tzen f\u00fcr Wohnmobile, Minigolf, Fahrradvermietung sowie einem Kaffee mit schwedischer Fika, Eis und einfachen Speisen. Im Sommer ist der Betrieb t\u00e4glich ge\u00f6ffnet, im Winter sind ausschliesslich die Stellpl\u00e4tze ge\u00f6ffnet, solange die Wetterbedingungen dies erlauben.<\/p>\n<h3>Am G\u00f6ta-Kanal<\/h3>\n<p>Der historische Platz im Dorf Borensberg mit N\u00e4he zum G\u00f6ta Kanal ist f\u00fcr die Betreiber des Caf\u00e9s von grosser Bedeutung. Es ist dies ein bezaubernder Platz in einem einzigartigen Gebiet Schwedens.<\/p>\n<p>Die Atmosph\u00e4re im Caf\u00e9 Kaffeteriet ist durch ein starkes Interesse f\u00fcr Retroeinrichtung geschaffen worden. H\u00fcbsche und nachhaltige Einrichtung aus den 1950-er, 1960-er und 1970-er Jahren erinnert an eine bahnbrechende Zeit. Das h\u00fcbsche Design ist dabei wichtig, aber auch der Nachhaltigkeitsgedanke.<\/p>\n<p>In aller Ruhe k\u00f6nnen Sie hier eine k\u00f6stliche Tasse Kaffee trinken und dazu inmitten von h\u00fcbschen Sachen hausgemachtes Geb\u00e4ck geniessen.<\/p>\n<p>Das Geb\u00e4ude wurde 1860-1880 als Getreidemagazin erbaut und geh\u00f6rte im Laufe der Zeit den Betrieben \u00d6stg\u00f6ta Lantm\u00e4n und Odal. Bevor die G\u00f6ta Kanalgesellschaft das Magazin im Fr\u00fchling 2014 \u00fcbernahm, diente es lange als Lagergeb\u00e4ude. Nach der \u00dcbernahme 2014 wurde das Magazin mit Sorgfalt renoviert.<\/p>\n<p>Das Caf\u00e9 Kaffeteriet wird heute privat betrieben. Unser Ziel ist, dass Sie sich als Gast bei uns wohlf\u00fchlen und stets freundlich bedient werden. Ebenfalls w\u00fcnschen wir uns, dass Sie in Zukunft zu uns zur\u00fcckkehren.<\/p>\n<p>Niemand ist fehlerfrei, aber wir versuchen st\u00e4ndig, unser Bestes zu geben. Nat\u00fcrlich haben wir auch gewisse Erwartungen an unsere G\u00e4ste und hoffen, dass Sie uns beim Erhalten der sauberen, ordentlichen und angenehmen Umgebung behilflich sein m\u00f6chten.<\/p>\n<h3>Reichweite mit Gef\u00fchl<\/h3>\n<p>Die Auswahl des Caf\u00e9s ist sorgf\u00e4ltig ausgew\u00e4hlt. Hergestellt nach eigenen Rezepturen oder sorgf\u00e4ltig ausgew\u00e4hlt von vorzugsweise regionalen Lieferanten.<\/p>\n<p>Unser Kaffee kommt aus einer speziellen R\u00f6sterei und hat ausgesprochen hohe Qualit\u00e4t. Die Bohnen sind sorgf\u00e4ltig und an Orten mit guten Arbeitsbedingungen ausgew\u00e4hlt worden und schenken fantastischen Kaffeegenuss.<\/p>\n<h3>Minigolf<\/h3>\n<p>Die Minigolfanlage verf\u00fcgt heute \u00fcber 12 Bahnen, f\u00fcr welche man ungef\u00e4hr 30-40 Minuten braucht. Bald wird die Bahn zu einer 18-Bahnanlage erweitert, und verf\u00fcgt dann \u00fcber Meisterschaftsniveau.<\/p>\n<p>Die Stellpl\u00e4tze sind innerhalb von k\u00fcrzester Zeit \u00e4usserst beliebt und gesch\u00e4tzt geworden. Die Fachzeitschrift \u201eHusbil &amp; Husvagn\u201c hat die Anlage zum \u201eStellplatz des Jahres 2015\u201c ernannt. Mit Dankbarkeit und Bescheidenheit versuchen wir nun, den Stellplatz weiter zu entwickeln. Heute k\u00f6nnen Sie als Gast auch ausserhalb der \u00d6ffnungszeiten einchecken. Bezahlung, Stromanschluss und Zugang zum Servicegeb\u00e4ude werden dabei digital und aus der Ferne gehandhabt.<\/p>\n<p>In Borensberg und der nahen Umgebung gibt es ein breites Angebot an Aktivit\u00e4ten und Gesch\u00e4ften. .<\/p>\n<p><em>Herzlich willkommen!<\/em><\/p>\n<p>[\/et_pb_text][\/et_pb_column][et_pb_column type=&#8220;2_5&#8243; _builder_version=&#8220;4.17.4&#8243; _module_preset=&#8220;default&#8220; global_colors_info=&#8220;{}&#8220;][et_pb_image src=&#8220;https:\/\/kaffeteriet.com\/wp-content\/uploads\/2022\/11\/kaffeteriet-exterior-640&#215;640-1-300&#215;300.jpg&#8220; title_text=&#8220;Kaffeehaus au\u00dfen 640&#215;640&#8243; _builder_version=&#8220;4.18.1&#8243; _module_preset=&#8220;default&#8220; custom_padding=&#8220;||0px|||&#8220; global_colors_info=&#8220;{}&#8220;][\/et_pb_image][et_pb_image src=&#8220;https:\/\/kaffeteriet.com\/wp-content\/uploads\/2022\/11\/209013112_983071585855892_2898495312837223485_n-300&#215;300.jpg&#8220; title_text=&#8220;209013112_983071585855892_2898495312837223485_n&#8220; _builder_version=&#8220;4.18.1&#8243; _module_preset=&#8220;default&#8220; custom_padding=&#8220;||0px|||&#8220; global_colors_info=&#8220;{}&#8220;][\/et_pb_image][et_pb_image src=&#8220;https:\/\/kaffeteriet.com\/wp-content\/uploads\/2022\/09\/Minigolf-Kaffeteriet-300&#215;169.png&#8220; title_text=&#8220;Minigolf Kaffeteriet&#8220; _builder_version=&#8220;4.18.1&#8243; _module_preset=&#8220;default&#8220; global_colors_info=&#8220;{}&#8220;][\/et_pb_image][\/et_pb_column][\/et_pb_row][\/et_pb_section][et_pb_section fb_built=&#8220;1&#8243; use_custom_gutter=&#8220;on&#8220; specialty=&#8220;on&#8220; _builder_version=&#8220;4.17.4&#8243; _module_preset=&#8220;default&#8220; inner_max_width=&#8220;1200px&#8220; inner_module_alignment=&#8220;center&#8220; global_colors_info=&#8220;{}&#8220;][et_pb_column type=&#8220;1_2&#8243; _builder_version=&#8220;4.16&#8243; custom_padding=&#8220;|||&#8220; global_colors_info=&#8220;{}&#8220; custom_padding__hover=&#8220;|||&#8220;][et_pb_image src=&#8220;https:\/\/kaffeteriet.com\/wp-content\/uploads\/2022\/07\/pexels-chevanon-photography-302899_300pix.jpg&#8220; title_text=&#8220;pexels-chevanon-photography-302899_300pix&#8220; align_tablet=&#8220;right&#8220; align_phone=&#8220;center&#8220; align_last_edited=&#8220;on|phone&#8220; _builder_version=&#8220;4.18.1&#8243; _module_preset=&#8220;default&#8220; min_height=&#8220;271px&#8220; global_colors_info=&#8220;{}&#8220;][\/et_pb_image][\/et_pb_column][et_pb_column type=&#8220;1_2&#8243; specialty_columns=&#8220;2&#8243; _builder_version=&#8220;4.16&#8243; custom_padding=&#8220;|||&#8220; global_colors_info=&#8220;{}&#8220; custom_padding__hover=&#8220;|||&#8220;][et_pb_row_inner _builder_version=&#8220;4.17.4&#8243; _module_preset=&#8220;default&#8220; custom_padding=&#8220;||10px|||&#8220; global_colors_info=&#8220;{}&#8220;][et_pb_column_inner saved_specialty_column_type=&#8220;1_2&#8243; _builder_version=&#8220;4.17.4&#8243; _module_preset=&#8220;default&#8220; global_colors_info=&#8220;{}&#8220;][et_pb_text _builder_version=&#8220;4.19.1&#8243; _module_preset=&#8220;default&#8220; text_orientation_tablet=&#8220;&#8220; text_orientation_phone=&#8220;center&#8220; text_orientation_last_edited=&#8220;on|phone&#8220; global_colors_info=&#8220;{}&#8220;]<\/p>\n<h2>Bei uns wird Gem\u00fctlichkeit gross geschrieben!<\/h2>\n<p>Unsere tolle Atmosph\u00e4re, unser k\u00f6stliches Geb\u00e4ck, unsere freundlichen G\u00e4ste und unser fantastisches Personal machen einen Besuch hier unvergesslich.<\/p>\n<p>[\/et_pb_text][\/et_pb_column_inner][\/et_pb_row_inner][et_pb_row_inner column_structure=&#8220;1_3,1_3,1_3&#8243; use_custom_gutter=&#8220;on&#8220; _builder_version=&#8220;4.17.4&#8243; _module_preset=&#8220;default&#8220; custom_margin=&#8220;-22px|||||&#8220; custom_padding=&#8220;17px|||||&#8220; global_colors_info=&#8220;{}&#8220;][et_pb_column_inner type=&#8220;1_3&#8243; saved_specialty_column_type=&#8220;1_2&#8243; _builder_version=&#8220;4.17.4&#8243; _module_preset=&#8220;default&#8220; global_colors_info=&#8220;{}&#8220;][et_pb_number_counter title=&#8220;Mitarbeiter&#8220; number=&#8220;12&#8243; percent_sign=&#8220;off&#8220; _builder_version=&#8220;4.18.1&#8243; _module_preset=&#8220;default&#8220; title_font=&#8220;||||||||&#8220; number_font=&#8220;|600|||||||&#8220; number_text_color=&#8220;#C2AB92&#8243; number_line_height=&#8220;89px&#8220; animation_style=&#8220;zoom&#8220; animation_intensity_zoom=&#8220;10%&#8220; global_colors_info=&#8220;{}&#8220;][\/et_pb_number_counter][\/et_pb_column_inner][et_pb_column_inner type=&#8220;1_3&#8243; saved_specialty_column_type=&#8220;1_2&#8243; _builder_version=&#8220;4.17.4&#8243; _module_preset=&#8220;default&#8220; global_colors_info=&#8220;{}&#8220;][et_pb_number_counter title=&#8220;Stellpl\u00e4tze&#8220; number=&#8220;45&#8243; percent_sign=&#8220;off&#8220; _builder_version=&#8220;4.17.4&#8243; _module_preset=&#8220;default&#8220; title_font=&#8220;||||||||&#8220; number_font=&#8220;|600|||||||&#8220; number_text_color=&#8220;#C2AB92&#8243; number_line_height=&#8220;89px&#8220; animation_style=&#8220;zoom&#8220; animation_intensity_zoom=&#8220;10%&#8220; global_colors_info=&#8220;{}&#8220;][\/et_pb_number_counter][\/et_pb_column_inner][et_pb_column_inner type=&#8220;1_3&#8243; saved_specialty_column_type=&#8220;1_2&#8243; _builder_version=&#8220;4.17.4&#8243; _module_preset=&#8220;default&#8220; global_colors_info=&#8220;{}&#8220;][et_pb_number_counter title=&#8220;Fahrr\u00e4der ca.&#8220; number=&#8220;100&#8243; percent_sign=&#8220;off&#8220; _builder_version=&#8220;4.18.1&#8243; _module_preset=&#8220;default&#8220; title_font=&#8220;||||||||&#8220; number_font=&#8220;|600|||||||&#8220; number_text_color=&#8220;#C2AB92&#8243; number_line_height=&#8220;89px&#8220; animation_style=&#8220;zoom&#8220; animation_intensity_zoom=&#8220;10%&#8220; global_colors_info=&#8220;{}&#8220;][\/et_pb_number_counter][\/et_pb_column_inner][\/et_pb_row_inner][\/et_pb_column][\/et_pb_section]<\/p>\n","protected":false},"excerpt":{"rendered":"<p>\u00dcBER DAS CAF\u00c9 KAFFETERIET AM G\u00d6TA KANAL Herzlich willkommen bei Kaffeteriet! Kaffeteriet wurde im Sommer 2014 gegr\u00fcndet. Das Angebot besteht aus Stellpl\u00e4tzen f\u00fcr Wohnmobile, Minigolf, Fahrradvermietung sowie einem Kaffee mit schwedischer Fika, Eis und einfachen Speisen. Im Sommer ist der Betrieb t\u00e4glich ge\u00f6ffnet, im Winter sind ausschliesslich die Stellpl\u00e4tze ge\u00f6ffnet, solange die Wetterbedingungen dies erlauben. [&hellip;]<\/p>\n","protected":false},"author":1,"featured_media":0,"parent":0,"menu_order":0,"comment_status":"closed","ping_status":"closed","template":"","meta":{"_et_pb_use_builder":"on","_et_pb_old_content":"","_et_gb_content_width":"","footnotes":""},"class_list":["post-1183","page","type-page","status-publish","hentry"],"yoast_head":"<!-- This site is optimized with the Yoast SEO plugin v24.1 - https:\/\/yoast.com\/wordpress\/plugins\/seo\/ -->\n<title>\u00dcber uns - Kaffeteriet<\/title>\n<meta name=\"description\" content=\"Caf\u00e9 und Campingplatz in Borensberg, mit Minigolf, Hausbacken, Fahrradverleih und sch\u00f6ner Umgebung. Der Coffee Shop wurde im Sommer 2014 er\u00f6ffnet.\" \/>\n<meta name=\"robots\" content=\"index, follow, max-snippet:-1, max-image-preview:large, max-video-preview:-1\" \/>\n<link rel=\"canonical\" href=\"https:\/\/kaffeteriet.com\/de\/ueber-uns\/\" \/>\n<meta property=\"og:locale\" content=\"de_DE\" \/>\n<meta property=\"og:type\" content=\"article\" \/>\n<meta property=\"og:title\" content=\"\u00dcber uns - Kaffeteriet\" \/>\n<meta property=\"og:description\" content=\"Caf\u00e9 und Campingplatz in Borensberg, mit Minigolf, Hausbacken, Fahrradverleih und sch\u00f6ner Umgebung. Der Coffee Shop wurde im Sommer 2014 er\u00f6ffnet.\" \/>\n<meta property=\"og:url\" content=\"https:\/\/kaffeteriet.com\/de\/ueber-uns\/\" \/>\n<meta property=\"og:site_name\" content=\"Kaffeteriet\" \/>\n<meta property=\"article:modified_time\" content=\"2023-04-04T12:55:31+00:00\" \/>\n<meta name=\"twitter:card\" content=\"summary_large_image\" \/>\n<meta name=\"twitter:label1\" content=\"Gesch\u00e4tzte Lesezeit\" \/>\n\t<meta name=\"twitter:data1\" content=\"6\u00a0Minuten\" \/>\n<script type=\"application\/ld+json\" class=\"yoast-schema-graph\">{\"@context\":\"https:\/\/schema.org\",\"@graph\":[{\"@type\":\"WebPage\",\"@id\":\"https:\/\/kaffeteriet.com\/de\/ueber-uns\/\",\"url\":\"https:\/\/kaffeteriet.com\/de\/ueber-uns\/\",\"name\":\"\u00dcber uns - Kaffeteriet\",\"isPartOf\":{\"@id\":\"https:\/\/kaffeteriet.com\/de\/#website\"},\"datePublished\":\"2022-07-12T08:43:41+00:00\",\"dateModified\":\"2023-04-04T12:55:31+00:00\",\"description\":\"Caf\u00e9 und Campingplatz in Borensberg, mit Minigolf, Hausbacken, Fahrradverleih und sch\u00f6ner Umgebung. Der Coffee Shop wurde im Sommer 2014 er\u00f6ffnet.\",\"breadcrumb\":{\"@id\":\"https:\/\/kaffeteriet.com\/de\/ueber-uns\/#breadcrumb\"},\"inLanguage\":\"de\",\"potentialAction\":[{\"@type\":\"ReadAction\",\"target\":[\"https:\/\/kaffeteriet.com\/de\/ueber-uns\/\"]}]},{\"@type\":\"BreadcrumbList\",\"@id\":\"https:\/\/kaffeteriet.com\/de\/ueber-uns\/#breadcrumb\",\"itemListElement\":[{\"@type\":\"ListItem\",\"position\":1,\"name\":\"Hem\",\"item\":\"https:\/\/kaffeteriet.com\/de\/\"},{\"@type\":\"ListItem\",\"position\":2,\"name\":\"\u00dcber uns\"}]},{\"@type\":\"WebSite\",\"@id\":\"https:\/\/kaffeteriet.com\/de\/#website\",\"url\":\"https:\/\/kaffeteriet.com\/de\/\",\"name\":\"Kaffeteriet\",\"description\":\"St\u00e4llplats, gott kaffe och charmig retro\",\"publisher\":{\"@id\":\"https:\/\/kaffeteriet.com\/de\/#organization\"},\"potentialAction\":[{\"@type\":\"SearchAction\",\"target\":{\"@type\":\"EntryPoint\",\"urlTemplate\":\"https:\/\/kaffeteriet.com\/de\/?s={search_term_string}\"},\"query-input\":{\"@type\":\"PropertyValueSpecification\",\"valueRequired\":true,\"valueName\":\"search_term_string\"}}],\"inLanguage\":\"de\"},{\"@type\":\"Organization\",\"@id\":\"https:\/\/kaffeteriet.com\/de\/#organization\",\"name\":\"Kaffeteriet vid G\u00f6ta kanal\",\"alternateName\":\"Kaffeteriet\",\"url\":\"https:\/\/kaffeteriet.com\/de\/\",\"logo\":{\"@type\":\"ImageObject\",\"inLanguage\":\"de\",\"@id\":\"https:\/\/kaffeteriet.com\/de\/#\/schema\/logo\/image\/\",\"url\":\"https:\/\/kaffeteriet.com\/wp-content\/uploads\/2022\/11\/Kaffeteriet_C1_500pix-R.jpg\",\"contentUrl\":\"https:\/\/kaffeteriet.com\/wp-content\/uploads\/2022\/11\/Kaffeteriet_C1_500pix-R.jpg\",\"width\":500,\"height\":91,\"caption\":\"Kaffeteriet vid G\u00f6ta kanal\"},\"image\":{\"@id\":\"https:\/\/kaffeteriet.com\/de\/#\/schema\/logo\/image\/\"},\"sameAs\":[\"https:\/\/www.instagram.com\/kaffeteriet\/\"]}]}<\/script>\n<!-- \/ Yoast SEO plugin. -->","yoast_head_json":{"title":"\u00dcber uns - Kaffeteriet","description":"Caf\u00e9 und Campingplatz in Borensberg, mit Minigolf, Hausbacken, Fahrradverleih und sch\u00f6ner Umgebung. Der Coffee Shop wurde im Sommer 2014 er\u00f6ffnet.","robots":{"index":"index","follow":"follow","max-snippet":"max-snippet:-1","max-image-preview":"max-image-preview:large","max-video-preview":"max-video-preview:-1"},"canonical":"https:\/\/kaffeteriet.com\/de\/ueber-uns\/","og_locale":"de_DE","og_type":"article","og_title":"\u00dcber uns - Kaffeteriet","og_description":"Caf\u00e9 und Campingplatz in Borensberg, mit Minigolf, Hausbacken, Fahrradverleih und sch\u00f6ner Umgebung. Der Coffee Shop wurde im Sommer 2014 er\u00f6ffnet.","og_url":"https:\/\/kaffeteriet.com\/de\/ueber-uns\/","og_site_name":"Kaffeteriet","article_modified_time":"2023-04-04T12:55:31+00:00","twitter_card":"summary_large_image","twitter_misc":{"Gesch\u00e4tzte Lesezeit":"6\u00a0Minuten"},"schema":{"@context":"https:\/\/schema.org","@graph":[{"@type":"WebPage","@id":"https:\/\/kaffeteriet.com\/de\/ueber-uns\/","url":"https:\/\/kaffeteriet.com\/de\/ueber-uns\/","name":"\u00dcber uns - Kaffeteriet","isPartOf":{"@id":"https:\/\/kaffeteriet.com\/de\/#website"},"datePublished":"2022-07-12T08:43:41+00:00","dateModified":"2023-04-04T12:55:31+00:00","description":"Caf\u00e9 und Campingplatz in Borensberg, mit Minigolf, Hausbacken, Fahrradverleih und sch\u00f6ner Umgebung. Der Coffee Shop wurde im Sommer 2014 er\u00f6ffnet.","breadcrumb":{"@id":"https:\/\/kaffeteriet.com\/de\/ueber-uns\/#breadcrumb"},"inLanguage":"de","potentialAction":[{"@type":"ReadAction","target":["https:\/\/kaffeteriet.com\/de\/ueber-uns\/"]}]},{"@type":"BreadcrumbList","@id":"https:\/\/kaffeteriet.com\/de\/ueber-uns\/#breadcrumb","itemListElement":[{"@type":"ListItem","position":1,"name":"Hem","item":"https:\/\/kaffeteriet.com\/de\/"},{"@type":"ListItem","position":2,"name":"\u00dcber uns"}]},{"@type":"WebSite","@id":"https:\/\/kaffeteriet.com\/de\/#website","url":"https:\/\/kaffeteriet.com\/de\/","name":"Kaffeteriet","description":"St\u00e4llplats, gott kaffe och charmig retro","publisher":{"@id":"https:\/\/kaffeteriet.com\/de\/#organization"},"potentialAction":[{"@type":"SearchAction","target":{"@type":"EntryPoint","urlTemplate":"https:\/\/kaffeteriet.com\/de\/?s={search_term_string}"},"query-input":{"@type":"PropertyValueSpecification","valueRequired":true,"valueName":"search_term_string"}}],"inLanguage":"de"},{"@type":"Organization","@id":"https:\/\/kaffeteriet.com\/de\/#organization","name":"Kaffeteriet vid G\u00f6ta kanal","alternateName":"Kaffeteriet","url":"https:\/\/kaffeteriet.com\/de\/","logo":{"@type":"ImageObject","inLanguage":"de","@id":"https:\/\/kaffeteriet.com\/de\/#\/schema\/logo\/image\/","url":"https:\/\/kaffeteriet.com\/wp-content\/uploads\/2022\/11\/Kaffeteriet_C1_500pix-R.jpg","contentUrl":"https:\/\/kaffeteriet.com\/wp-content\/uploads\/2022\/11\/Kaffeteriet_C1_500pix-R.jpg","width":500,"height":91,"caption":"Kaffeteriet vid G\u00f6ta kanal"},"image":{"@id":"https:\/\/kaffeteriet.com\/de\/#\/schema\/logo\/image\/"},"sameAs":["https:\/\/www.instagram.com\/kaffeteriet\/"]}]}},"_links":{"self":[{"href":"https:\/\/kaffeteriet.com\/de\/wp-json\/wp\/v2\/pages\/1183","targetHints":{"allow":["GET"]}}],"collection":[{"href":"https:\/\/kaffeteriet.com\/de\/wp-json\/wp\/v2\/pages"}],"about":[{"href":"https:\/\/kaffeteriet.com\/de\/wp-json\/wp\/v2\/types\/page"}],"author":[{"embeddable":true,"href":"https:\/\/kaffeteriet.com\/de\/wp-json\/wp\/v2\/users\/1"}],"replies":[{"embeddable":true,"href":"https:\/\/kaffeteriet.com\/de\/wp-json\/wp\/v2\/comments?post=1183"}],"version-history":[{"count":6,"href":"https:\/\/kaffeteriet.com\/de\/wp-json\/wp\/v2\/pages\/1183\/revisions"}],"predecessor-version":[{"id":1649,"href":"https:\/\/kaffeteriet.com\/de\/wp-json\/wp\/v2\/pages\/1183\/revisions\/1649"}],"wp:attachment":[{"href":"https:\/\/kaffeteriet.com\/de\/wp-json\/wp\/v2\/media?parent=1183"}],"curies":[{"name":"wp","href":"https:\/\/api.w.org\/{rel}","templated":true}]}}