{"id":1177,"date":"2022-07-14T14:56:05","date_gmt":"2022-07-14T12:56:05","guid":{"rendered":"https:\/\/kaffeteriet.com\/minigolf\/"},"modified":"2025-12-04T21:11:33","modified_gmt":"2025-12-04T20:11:33","slug":"minigolf","status":"publish","type":"page","link":"https:\/\/kaffeteriet.com\/de\/minigolf\/","title":{"rendered":"Minigolf"},"content":{"rendered":"<p>[et_pb_section fb_built=&#8220;1&#8243; _builder_version=&#8220;4.19.0&#8243; _module_preset=&#8220;default&#8220; background_color=&#8220;rgba(194,171,146,0.62)&#8220; background_enable_image=&#8220;off&#8220; min_height=&#8220;561.7px&#8220; custom_margin=&#8220;-9px|||||&#8220; custom_padding=&#8220;||259px|||&#8220; bottom_divider_style=&#8220;ramp&#8220; bottom_divider_color=&#8220;#FFFFFF&#8220; bottom_divider_height=&#8220;225px&#8220; bottom_divider_repeat=&#8220;1x&#8220; bottom_divider_height_tablet=&#8220;225px&#8220; bottom_divider_height_phone=&#8220;99px&#8220; bottom_divider_height_last_edited=&#8220;on|phone&#8220; global_colors_info=&#8220;{}&#8220;][et_pb_row column_structure=&#8220;1_2,1_2&#8243; _builder_version=&#8220;4.17.4&#8243; _module_preset=&#8220;default&#8220; custom_padding=&#8220;1px|||||&#8220; global_colors_info=&#8220;{}&#8220;][et_pb_column type=&#8220;1_2&#8243; _builder_version=&#8220;4.17.4&#8243; _module_preset=&#8220;default&#8220; global_colors_info=&#8220;{}&#8220;][et_pb_text _builder_version=&#8220;4.27.4&#8243; _module_preset=&#8220;default&#8220; text_font=&#8220;Cormorant Garamond||||||||&#8220; text_text_color=&#8220;#000000&#8243; text_font_size=&#8220;22px&#8220; header_text_color=&#8220;#333333&#8243; hover_enabled=&#8220;0&#8243; global_colors_info=&#8220;{}&#8220; sticky_enabled=&#8220;0&#8243;]<\/p>\n<div><\/div>\n<h2><\/h2>\n<h1><strong>Minigolf in Borensberg<\/strong><\/h1>\n<p class=\"p1\">Entlang des sch\u00f6nen G\u00f6ta-Kanals finden Sie unseren Minigolfplatz. Es gibt viel Platz f\u00fcr die ganze Familie, um zu spielen oder gegeneinander anzutreten. Vielleicht konkurrieren Sie gegeneinander oder warum nicht mit anderen G\u00e4sten um die viel beschworene Erfolgsbilanz.<\/p>\n<h2 class=\"p1\">Ende mit Kaffee<\/h2>\n<p class=\"p1\">Unser Minigolfplatz am G\u00f6ta-Kanal bietet eine sch\u00f6ne Zeit mit Familie und Freunden, und warum nicht nach der Runde ein Eis oder einen Kaffee im Kaffeteriet genie\u00dfen?<\/p>\n<ul>\n<li>Anzahl der Fahrspuren 12<\/li>\n<li>Zugelassene Titel f\u00fcr SM, EM und VM<\/li>\n<li>Streckenrekord 19 Schl\u00e4ge<\/li>\n<li>Unterschiedliche L\u00e4ngen der Keulen<\/li>\n<li>Verschiedene Farben von B\u00e4llen<\/li>\n<li>Regeln f\u00fcr Innenr\u00e4ume<\/li>\n<\/ul>\n<p class=\"p1\"><strong>Priser<\/strong><br \/>Vuxna: 65:-<br \/>Barn tom 12 \u00e5r 45: &#8211;<\/p>\n<p><em>Herzlich willkommen!<\/em><\/p>\n<h2><\/h2>\n<p>&nbsp;<\/p>\n<p>[\/et_pb_text][\/et_pb_column][et_pb_column type=&#8220;1_2&#8243; _builder_version=&#8220;4.17.4&#8243; _module_preset=&#8220;default&#8220; global_colors_info=&#8220;{}&#8220;][et_pb_video src=&#8220;https:\/\/youtube.com\/playlist?list=PLe_wEgjZ7_Rh2d_sIO7bhswlmRJ6XpNtd&#8220; _builder_version=&#8220;4.19.5&#8243; _module_preset=&#8220;default&#8220; global_colors_info=&#8220;{}&#8220;][\/et_pb_video][\/et_pb_column][\/et_pb_row][et_pb_row _builder_version=&#8220;4.18.0&#8243; _module_preset=&#8220;default&#8220; global_colors_info=&#8220;{}&#8220;][et_pb_column type=&#8220;4_4&#8243; _builder_version=&#8220;4.18.0&#8243; _module_preset=&#8220;default&#8220; global_colors_info=&#8220;{}&#8220;][et_pb_image src=&#8220;https:\/\/kaffeteriet.com\/wp-content\/uploads\/2022\/11\/Minigolf-kaffeteriet-800&#215;800-1.jpg&#8220; title_text=&#8220;Minigolf-cafeteria-800&#215;800&#8243; _builder_version=&#8220;4.18.0&#8243; _module_preset=&#8220;default&#8220; custom_padding=&#8220;1px|||||&#8220; global_colors_info=&#8220;{}&#8220;][\/et_pb_image][et_pb_image src=&#8220;https:\/\/kaffeteriet.com\/wp-content\/uploads\/2022\/11\/minigolf-3-kaffeteriet-go\u0308takanal-800&#215;320-1.jpg&#8220; title_text=&#8220;minigolf-3-kaffeteriet-g\u00f6takanal-800&#215;320&#8243; force_fullwidth=&#8220;on&#8220; _builder_version=&#8220;4.18.0&#8243; _module_preset=&#8220;default&#8220; global_colors_info=&#8220;{}&#8220;][\/et_pb_image][\/et_pb_column][\/et_pb_row][et_pb_row _builder_version=&#8220;4.18.0&#8243; _module_preset=&#8220;default&#8220; global_colors_info=&#8220;{}&#8220;][et_pb_column type=&#8220;4_4&#8243; _builder_version=&#8220;4.18.0&#8243; _module_preset=&#8220;default&#8220; global_colors_info=&#8220;{}&#8220;][et_pb_image src=&#8220;https:\/\/kaffeteriet.com\/wp-content\/uploads\/2022\/11\/minigolf-2-kaffeteriet-go\u0308takanal-800&#215;320-1.jpg&#8220; title_text=&#8220;minigolf-2-caffeteriet-g\u00f6takanal-800&#215;320&#8243; force_fullwidth=&#8220;on&#8220; _builder_version=&#8220;4.18.0&#8243; _module_preset=&#8220;default&#8220; global_colors_info=&#8220;{}&#8220;][\/et_pb_image][\/et_pb_column][\/et_pb_row][et_pb_row _builder_version=&#8220;4.18.0&#8243; _module_preset=&#8220;default&#8220; global_colors_info=&#8220;{}&#8220;][et_pb_column type=&#8220;4_4&#8243; _builder_version=&#8220;4.18.0&#8243; _module_preset=&#8220;default&#8220; global_colors_info=&#8220;{}&#8220;][et_pb_image src=&#8220;https:\/\/kaffeteriet.com\/wp-content\/uploads\/2022\/11\/minigolf-1-kaffeteriet-go\u0308takanal-768-800&#215;320-1.jpg&#8220; title_text=&#8220;minigolf-1-kaffeteriet-go\u0308takanal-768-800&#215;320&#8243; force_fullwidth=&#8220;on&#8220; _builder_version=&#8220;4.18.0&#8243; _module_preset=&#8220;default&#8220; global_colors_info=&#8220;{}&#8220;][\/et_pb_image][\/et_pb_column][\/et_pb_row][\/et_pb_section]<\/p>\n","protected":false},"excerpt":{"rendered":"<p>Minigolf in Borensberg Entlang des sch\u00f6nen G\u00f6ta-Kanals finden Sie unseren Minigolfplatz. Es gibt viel Platz f\u00fcr die ganze Familie, um zu spielen oder gegeneinander anzutreten. Vielleicht konkurrieren Sie gegeneinander oder warum nicht mit anderen G\u00e4sten um die viel beschworene Erfolgsbilanz. Ende mit Kaffee Unser Minigolfplatz am G\u00f6ta-Kanal bietet eine sch\u00f6ne Zeit mit Familie und Freunden, [&hellip;]<\/p>\n","protected":false},"author":1,"featured_media":0,"parent":0,"menu_order":0,"comment_status":"closed","ping_status":"closed","template":"","meta":{"_et_pb_use_builder":"on","_et_pb_old_content":"","_et_gb_content_width":"","footnotes":""},"class_list":["post-1177","page","type-page","status-publish","hentry"],"yoast_head":"<!-- This site is optimized with the Yoast SEO plugin v24.1 - https:\/\/yoast.com\/wordpress\/plugins\/seo\/ -->\n<title>Minigolf - Kaffeteriet<\/title>\n<meta name=\"description\" content=\"Entlang des G\u00f6ta-Kanals befindet sich der Minigolfplatz von Kaffeteriet, der viel Platz bietet, um zu spielen und gegeneinander anzutreten und anschlie\u00dfend einen guten Kaffee zu trinken.\" \/>\n<meta name=\"robots\" content=\"index, follow, max-snippet:-1, max-image-preview:large, max-video-preview:-1\" \/>\n<link rel=\"canonical\" href=\"https:\/\/kaffeteriet.com\/de\/minigolf\/\" \/>\n<meta property=\"og:locale\" content=\"de_DE\" \/>\n<meta property=\"og:type\" content=\"article\" \/>\n<meta property=\"og:title\" content=\"Minigolf - Kaffeteriet\" \/>\n<meta property=\"og:description\" content=\"Entlang des G\u00f6ta-Kanals befindet sich der Minigolfplatz von Kaffeteriet, der viel Platz bietet, um zu spielen und gegeneinander anzutreten und anschlie\u00dfend einen guten Kaffee zu trinken.\" \/>\n<meta property=\"og:url\" content=\"https:\/\/kaffeteriet.com\/de\/minigolf\/\" \/>\n<meta property=\"og:site_name\" content=\"Kaffeteriet\" \/>\n<meta property=\"article:modified_time\" content=\"2025-12-04T20:11:33+00:00\" \/>\n<meta name=\"twitter:card\" content=\"summary_large_image\" \/>\n<meta name=\"twitter:label1\" content=\"Gesch\u00e4tzte Lesezeit\" \/>\n\t<meta name=\"twitter:data1\" content=\"3\u00a0Minuten\" \/>\n<script type=\"application\/ld+json\" class=\"yoast-schema-graph\">{\"@context\":\"https:\/\/schema.org\",\"@graph\":[{\"@type\":\"WebPage\",\"@id\":\"https:\/\/kaffeteriet.com\/de\/minigolf\/\",\"url\":\"https:\/\/kaffeteriet.com\/de\/minigolf\/\",\"name\":\"Minigolf - Kaffeteriet\",\"isPartOf\":{\"@id\":\"https:\/\/kaffeteriet.com\/de\/#website\"},\"datePublished\":\"2022-07-14T12:56:05+00:00\",\"dateModified\":\"2025-12-04T20:11:33+00:00\",\"description\":\"Entlang des G\u00f6ta-Kanals befindet sich der Minigolfplatz von Kaffeteriet, der viel Platz bietet, um zu spielen und gegeneinander anzutreten und anschlie\u00dfend einen guten Kaffee zu trinken.\",\"breadcrumb\":{\"@id\":\"https:\/\/kaffeteriet.com\/de\/minigolf\/#breadcrumb\"},\"inLanguage\":\"de\",\"potentialAction\":[{\"@type\":\"ReadAction\",\"target\":[\"https:\/\/kaffeteriet.com\/de\/minigolf\/\"]}]},{\"@type\":\"BreadcrumbList\",\"@id\":\"https:\/\/kaffeteriet.com\/de\/minigolf\/#breadcrumb\",\"itemListElement\":[{\"@type\":\"ListItem\",\"position\":1,\"name\":\"Hem\",\"item\":\"https:\/\/kaffeteriet.com\/de\/\"},{\"@type\":\"ListItem\",\"position\":2,\"name\":\"Minigolf\"}]},{\"@type\":\"WebSite\",\"@id\":\"https:\/\/kaffeteriet.com\/de\/#website\",\"url\":\"https:\/\/kaffeteriet.com\/de\/\",\"name\":\"Kaffeteriet\",\"description\":\"St\u00e4llplats, gott kaffe och charmig retro\",\"publisher\":{\"@id\":\"https:\/\/kaffeteriet.com\/de\/#organization\"},\"potentialAction\":[{\"@type\":\"SearchAction\",\"target\":{\"@type\":\"EntryPoint\",\"urlTemplate\":\"https:\/\/kaffeteriet.com\/de\/?s={search_term_string}\"},\"query-input\":{\"@type\":\"PropertyValueSpecification\",\"valueRequired\":true,\"valueName\":\"search_term_string\"}}],\"inLanguage\":\"de\"},{\"@type\":\"Organization\",\"@id\":\"https:\/\/kaffeteriet.com\/de\/#organization\",\"name\":\"Kaffeteriet vid G\u00f6ta kanal\",\"alternateName\":\"Kaffeteriet\",\"url\":\"https:\/\/kaffeteriet.com\/de\/\",\"logo\":{\"@type\":\"ImageObject\",\"inLanguage\":\"de\",\"@id\":\"https:\/\/kaffeteriet.com\/de\/#\/schema\/logo\/image\/\",\"url\":\"https:\/\/kaffeteriet.com\/wp-content\/uploads\/2022\/11\/Kaffeteriet_C1_500pix-R.jpg\",\"contentUrl\":\"https:\/\/kaffeteriet.com\/wp-content\/uploads\/2022\/11\/Kaffeteriet_C1_500pix-R.jpg\",\"width\":500,\"height\":91,\"caption\":\"Kaffeteriet vid G\u00f6ta kanal\"},\"image\":{\"@id\":\"https:\/\/kaffeteriet.com\/de\/#\/schema\/logo\/image\/\"},\"sameAs\":[\"https:\/\/www.instagram.com\/kaffeteriet\/\"]}]}<\/script>\n<!-- \/ Yoast SEO plugin. -->","yoast_head_json":{"title":"Minigolf - Kaffeteriet","description":"Entlang des G\u00f6ta-Kanals befindet sich der Minigolfplatz von Kaffeteriet, der viel Platz bietet, um zu spielen und gegeneinander anzutreten und anschlie\u00dfend einen guten Kaffee zu trinken.","robots":{"index":"index","follow":"follow","max-snippet":"max-snippet:-1","max-image-preview":"max-image-preview:large","max-video-preview":"max-video-preview:-1"},"canonical":"https:\/\/kaffeteriet.com\/de\/minigolf\/","og_locale":"de_DE","og_type":"article","og_title":"Minigolf - Kaffeteriet","og_description":"Entlang des G\u00f6ta-Kanals befindet sich der Minigolfplatz von Kaffeteriet, der viel Platz bietet, um zu spielen und gegeneinander anzutreten und anschlie\u00dfend einen guten Kaffee zu trinken.","og_url":"https:\/\/kaffeteriet.com\/de\/minigolf\/","og_site_name":"Kaffeteriet","article_modified_time":"2025-12-04T20:11:33+00:00","twitter_card":"summary_large_image","twitter_misc":{"Gesch\u00e4tzte Lesezeit":"3\u00a0Minuten"},"schema":{"@context":"https:\/\/schema.org","@graph":[{"@type":"WebPage","@id":"https:\/\/kaffeteriet.com\/de\/minigolf\/","url":"https:\/\/kaffeteriet.com\/de\/minigolf\/","name":"Minigolf - Kaffeteriet","isPartOf":{"@id":"https:\/\/kaffeteriet.com\/de\/#website"},"datePublished":"2022-07-14T12:56:05+00:00","dateModified":"2025-12-04T20:11:33+00:00","description":"Entlang des G\u00f6ta-Kanals befindet sich der Minigolfplatz von Kaffeteriet, der viel Platz bietet, um zu spielen und gegeneinander anzutreten und anschlie\u00dfend einen guten Kaffee zu trinken.","breadcrumb":{"@id":"https:\/\/kaffeteriet.com\/de\/minigolf\/#breadcrumb"},"inLanguage":"de","potentialAction":[{"@type":"ReadAction","target":["https:\/\/kaffeteriet.com\/de\/minigolf\/"]}]},{"@type":"BreadcrumbList","@id":"https:\/\/kaffeteriet.com\/de\/minigolf\/#breadcrumb","itemListElement":[{"@type":"ListItem","position":1,"name":"Hem","item":"https:\/\/kaffeteriet.com\/de\/"},{"@type":"ListItem","position":2,"name":"Minigolf"}]},{"@type":"WebSite","@id":"https:\/\/kaffeteriet.com\/de\/#website","url":"https:\/\/kaffeteriet.com\/de\/","name":"Kaffeteriet","description":"St\u00e4llplats, gott kaffe och charmig retro","publisher":{"@id":"https:\/\/kaffeteriet.com\/de\/#organization"},"potentialAction":[{"@type":"SearchAction","target":{"@type":"EntryPoint","urlTemplate":"https:\/\/kaffeteriet.com\/de\/?s={search_term_string}"},"query-input":{"@type":"PropertyValueSpecification","valueRequired":true,"valueName":"search_term_string"}}],"inLanguage":"de"},{"@type":"Organization","@id":"https:\/\/kaffeteriet.com\/de\/#organization","name":"Kaffeteriet vid G\u00f6ta kanal","alternateName":"Kaffeteriet","url":"https:\/\/kaffeteriet.com\/de\/","logo":{"@type":"ImageObject","inLanguage":"de","@id":"https:\/\/kaffeteriet.com\/de\/#\/schema\/logo\/image\/","url":"https:\/\/kaffeteriet.com\/wp-content\/uploads\/2022\/11\/Kaffeteriet_C1_500pix-R.jpg","contentUrl":"https:\/\/kaffeteriet.com\/wp-content\/uploads\/2022\/11\/Kaffeteriet_C1_500pix-R.jpg","width":500,"height":91,"caption":"Kaffeteriet vid G\u00f6ta kanal"},"image":{"@id":"https:\/\/kaffeteriet.com\/de\/#\/schema\/logo\/image\/"},"sameAs":["https:\/\/www.instagram.com\/kaffeteriet\/"]}]}},"_links":{"self":[{"href":"https:\/\/kaffeteriet.com\/de\/wp-json\/wp\/v2\/pages\/1177","targetHints":{"allow":["GET"]}}],"collection":[{"href":"https:\/\/kaffeteriet.com\/de\/wp-json\/wp\/v2\/pages"}],"about":[{"href":"https:\/\/kaffeteriet.com\/de\/wp-json\/wp\/v2\/types\/page"}],"author":[{"embeddable":true,"href":"https:\/\/kaffeteriet.com\/de\/wp-json\/wp\/v2\/users\/1"}],"replies":[{"embeddable":true,"href":"https:\/\/kaffeteriet.com\/de\/wp-json\/wp\/v2\/comments?post=1177"}],"version-history":[{"count":11,"href":"https:\/\/kaffeteriet.com\/de\/wp-json\/wp\/v2\/pages\/1177\/revisions"}],"predecessor-version":[{"id":2075,"href":"https:\/\/kaffeteriet.com\/de\/wp-json\/wp\/v2\/pages\/1177\/revisions\/2075"}],"wp:attachment":[{"href":"https:\/\/kaffeteriet.com\/de\/wp-json\/wp\/v2\/media?parent=1177"}],"curies":[{"name":"wp","href":"https:\/\/api.w.org\/{rel}","templated":true}]}}