{"id":1164,"date":"2022-07-12T10:50:02","date_gmt":"2022-07-12T08:50:02","guid":{"rendered":"https:\/\/kaffeteriet.com\/cafe\/"},"modified":"2023-04-04T14:48:34","modified_gmt":"2023-04-04T12:48:34","slug":"cafe","status":"publish","type":"page","link":"https:\/\/kaffeteriet.com\/de\/cafe\/","title":{"rendered":"Caf\u00e9"},"content":{"rendered":"<p>[et_pb_section fb_built=&#8220;1&#8243; _builder_version=&#8220;4.17.4&#8243; _module_preset=&#8220;default&#8220; background_color=&#8220;rgba(194,171,146,0.61)&#8220; custom_margin=&#8220;-11px||19px|||&#8220; custom_padding=&#8220;||202px|||&#8220; bottom_divider_style=&#8220;ramp&#8220; bottom_divider_color=&#8220;#FFFFFF&#8220; global_colors_info=&#8220;{}&#8220;][et_pb_row column_structure=&#8220;1_2,1_2&#8243; _builder_version=&#8220;4.17.4&#8243; _module_preset=&#8220;default&#8220; global_colors_info=&#8220;{}&#8220;][et_pb_column type=&#8220;1_2&#8243; _builder_version=&#8220;4.17.4&#8243; _module_preset=&#8220;default&#8220; global_colors_info=&#8220;{}&#8220;][et_pb_text _builder_version=&#8220;4.19.1&#8243; _module_preset=&#8220;default&#8220; text_font=&#8220;Cormorant Garamond||||||||&#8220; text_font_size=&#8220;22px&#8220; custom_margin=&#8220;|-21px||||&#8220; custom_padding=&#8220;|0px||||&#8220; inline_fonts=&#8220;Karla&#8220; global_colors_info=&#8220;{}&#8220;]<\/p>\n<h1>Geniessen Sie eine Fika im Caf\u00e9 Kaffeteriet!<\/h1>\n<p><span style=\"color: #000000;\"><\/span><\/p>\n<p><span style=\"color: #000000;\">In unserem Retrocaf\u00e9 k\u00f6nnen Sie eine schwedische Fika mit sorgf\u00e4ltig ausgew\u00e4hltem Kaffee, hausgemachtem Geb\u00e4ck und belegten Br\u00f6tchen geniessen. Auch Waffeln, Eis und Softeis, kalte Getr\u00e4nke, Tee und heisse Schokolade geh\u00f6ren zum Angebot. <\/span><\/p>\n<p><span style=\"color: #000000;\">Das Meiste wird mit klassichem Geschirr von R\u00f6rstrand aus den 1960-er und 1970-er Jahren serviert. Auch die Einrichtung des Caf\u00e9s erinnert an diese Zeit. <\/span><\/p>\n<p><span style=\"color: #000000;\">Hier im Caf\u00e9 Kaffeteriet k\u00f6nnen Sie sich in den gem\u00fctlich eingerichteten Lokalen mit Platz f\u00fcr ca. 50 G\u00e4ste hinsetzen, oder draussen, wo es Platz f\u00fcr ca. 60 G\u00e4ste gibt. Dort k\u00f6nnen Sie die vorbeifahrenden Schiffe betrachten und die h\u00fcbsche Umgebung geniessen. <\/span><\/p>\n<p><span style=\"color: #000000;\"><\/span><\/p>\n<p>[\/et_pb_text][\/et_pb_column][et_pb_column type=&#8220;1_2&#8243; _builder_version=&#8220;4.17.4&#8243; _module_preset=&#8220;default&#8220; global_colors_info=&#8220;{}&#8220;][et_pb_image src=&#8220;https:\/\/kaffeteriet.com\/wp-content\/uploads\/2022\/11\/rekmacka-kaffeteriet-insta-800&#215;800-1.jpg&#8220; title_text=&#8220;rekmacka-kaffeteriet-insta-800&#215;800&#8243; _builder_version=&#8220;4.18.0&#8243; _module_preset=&#8220;default&#8220; custom_padding=&#8220;||1px|4px||&#8220; global_colors_info=&#8220;{}&#8220;][\/et_pb_image][\/et_pb_column][\/et_pb_row][et_pb_row column_structure=&#8220;1_3,1_3,1_3&#8243; _builder_version=&#8220;4.18.0&#8243; _module_preset=&#8220;default&#8220; global_colors_info=&#8220;{}&#8220;][et_pb_column type=&#8220;1_3&#8243; _builder_version=&#8220;4.18.0&#8243; _module_preset=&#8220;default&#8220; global_colors_info=&#8220;{}&#8220;][et_pb_image src=&#8220;https:\/\/kaffeteriet.com\/wp-content\/uploads\/2022\/11\/kaffe-m-choklad-800&#215;800-1.jpg&#8220; title_text=&#8220;kaffe-m-choklad-800&#215;800&#8243; _builder_version=&#8220;4.18.0&#8243; _module_preset=&#8220;default&#8220; global_colors_info=&#8220;{}&#8220;][\/et_pb_image][\/et_pb_column][et_pb_column type=&#8220;1_3&#8243; _builder_version=&#8220;4.18.0&#8243; _module_preset=&#8220;default&#8220; global_colors_info=&#8220;{}&#8220;][et_pb_image src=&#8220;https:\/\/kaffeteriet.com\/wp-content\/uploads\/2022\/11\/kaffe-kaffeteriet-borensberg-800&#215;800-1.jpg&#8220; title_text=&#8220;kaffee-kaffeehaus-borensberg-800&#215;800&#8243; _builder_version=&#8220;4.18.0&#8243; _module_preset=&#8220;default&#8220; global_colors_info=&#8220;{}&#8220;][\/et_pb_image][\/et_pb_column][et_pb_column type=&#8220;1_3&#8243; _builder_version=&#8220;4.18.0&#8243; _module_preset=&#8220;default&#8220; global_colors_info=&#8220;{}&#8220;][\/et_pb_column][\/et_pb_row][et_pb_row column_structure=&#8220;1_3,1_3,1_3&#8243; _builder_version=&#8220;4.18.0&#8243; _module_preset=&#8220;default&#8220; global_colors_info=&#8220;{}&#8220;][et_pb_column type=&#8220;1_3&#8243; _builder_version=&#8220;4.18.0&#8243; _module_preset=&#8220;default&#8220; global_colors_info=&#8220;{}&#8220;][et_pb_image src=&#8220;https:\/\/kaffeteriet.com\/wp-content\/uploads\/2022\/11\/kanelbullar-kaffeteriet-borensberg-800x800pix.jpg&#8220; title_text=&#8220;kanelbullar-kaffeteriet-borensberg-800x800pix&#8220; _builder_version=&#8220;4.18.0&#8243; _module_preset=&#8220;default&#8220; global_colors_info=&#8220;{}&#8220;][\/et_pb_image][\/et_pb_column][et_pb_column type=&#8220;1_3&#8243; _builder_version=&#8220;4.18.0&#8243; _module_preset=&#8220;default&#8220; global_colors_info=&#8220;{}&#8220;][et_pb_image src=&#8220;https:\/\/kaffeteriet.com\/wp-content\/uploads\/2022\/11\/baristakaffe-kaffeteriet-800&#215;800-1.jpg&#8220; title_text=&#8220;barista-kaffee-kaffeehaus-800&#215;800&#8243; _builder_version=&#8220;4.18.0&#8243; _module_preset=&#8220;default&#8220; global_colors_info=&#8220;{}&#8220;][\/et_pb_image][\/et_pb_column][et_pb_column type=&#8220;1_3&#8243; _builder_version=&#8220;4.18.0&#8243; _module_preset=&#8220;default&#8220; global_colors_info=&#8220;{}&#8220;][\/et_pb_column][\/et_pb_row][\/et_pb_section]<\/p>\n","protected":false},"excerpt":{"rendered":"<p>Geniessen Sie eine Fika im Caf\u00e9 Kaffeteriet! In unserem Retrocaf\u00e9 k\u00f6nnen Sie eine schwedische Fika mit sorgf\u00e4ltig ausgew\u00e4hltem Kaffee, hausgemachtem Geb\u00e4ck und belegten Br\u00f6tchen geniessen. Auch Waffeln, Eis und Softeis, kalte Getr\u00e4nke, Tee und heisse Schokolade geh\u00f6ren zum Angebot. Das Meiste wird mit klassichem Geschirr von R\u00f6rstrand aus den 1960-er und 1970-er Jahren serviert. Auch [&hellip;]<\/p>\n","protected":false},"author":1,"featured_media":0,"parent":0,"menu_order":0,"comment_status":"closed","ping_status":"closed","template":"","meta":{"_et_pb_use_builder":"on","_et_pb_old_content":"","_et_gb_content_width":"","footnotes":""},"class_list":["post-1164","page","type-page","status-publish","hentry"],"yoast_head":"<!-- This site is optimized with the Yoast SEO plugin v24.1 - https:\/\/yoast.com\/wordpress\/plugins\/seo\/ -->\n<title>Caf\u00e9 - Kaffeteriet<\/title>\n<meta name=\"description\" content=\"Besuchen Sie das Kaffeteriet, trinken Sie einen Kaffee oder eine Tasse Tee. Schauen Sie sich Boote an, spielen Sie Minigolf und erleben Sie den gem\u00fctlichen kleinen Borensberg.\" \/>\n<meta name=\"robots\" content=\"index, follow, max-snippet:-1, max-image-preview:large, max-video-preview:-1\" \/>\n<link rel=\"canonical\" href=\"https:\/\/kaffeteriet.com\/de\/cafe\/\" \/>\n<meta property=\"og:locale\" content=\"de_DE\" \/>\n<meta property=\"og:type\" content=\"article\" \/>\n<meta property=\"og:title\" content=\"Caf\u00e9 - Kaffeteriet\" \/>\n<meta property=\"og:description\" content=\"Besuchen Sie das Kaffeteriet, trinken Sie einen Kaffee oder eine Tasse Tee. Schauen Sie sich Boote an, spielen Sie Minigolf und erleben Sie den gem\u00fctlichen kleinen Borensberg.\" \/>\n<meta property=\"og:url\" content=\"https:\/\/kaffeteriet.com\/de\/cafe\/\" \/>\n<meta property=\"og:site_name\" content=\"Kaffeteriet\" \/>\n<meta property=\"article:modified_time\" content=\"2023-04-04T12:48:34+00:00\" \/>\n<meta name=\"twitter:card\" content=\"summary_large_image\" \/>\n<meta name=\"twitter:label1\" content=\"Gesch\u00e4tzte Lesezeit\" \/>\n\t<meta name=\"twitter:data1\" content=\"2\u00a0Minuten\" \/>\n<script type=\"application\/ld+json\" class=\"yoast-schema-graph\">{\"@context\":\"https:\/\/schema.org\",\"@graph\":[{\"@type\":\"WebPage\",\"@id\":\"https:\/\/kaffeteriet.com\/de\/cafe\/\",\"url\":\"https:\/\/kaffeteriet.com\/de\/cafe\/\",\"name\":\"Caf\u00e9 - Kaffeteriet\",\"isPartOf\":{\"@id\":\"https:\/\/kaffeteriet.com\/de\/#website\"},\"datePublished\":\"2022-07-12T08:50:02+00:00\",\"dateModified\":\"2023-04-04T12:48:34+00:00\",\"description\":\"Besuchen Sie das Kaffeteriet, trinken Sie einen Kaffee oder eine Tasse Tee. Schauen Sie sich Boote an, spielen Sie Minigolf und erleben Sie den gem\u00fctlichen kleinen Borensberg.\",\"breadcrumb\":{\"@id\":\"https:\/\/kaffeteriet.com\/de\/cafe\/#breadcrumb\"},\"inLanguage\":\"de\",\"potentialAction\":[{\"@type\":\"ReadAction\",\"target\":[\"https:\/\/kaffeteriet.com\/de\/cafe\/\"]}]},{\"@type\":\"BreadcrumbList\",\"@id\":\"https:\/\/kaffeteriet.com\/de\/cafe\/#breadcrumb\",\"itemListElement\":[{\"@type\":\"ListItem\",\"position\":1,\"name\":\"Hem\",\"item\":\"https:\/\/kaffeteriet.com\/de\/\"},{\"@type\":\"ListItem\",\"position\":2,\"name\":\"Caf\u00e9\"}]},{\"@type\":\"WebSite\",\"@id\":\"https:\/\/kaffeteriet.com\/de\/#website\",\"url\":\"https:\/\/kaffeteriet.com\/de\/\",\"name\":\"Kaffeteriet\",\"description\":\"St\u00e4llplats, gott kaffe och charmig retro\",\"publisher\":{\"@id\":\"https:\/\/kaffeteriet.com\/de\/#organization\"},\"potentialAction\":[{\"@type\":\"SearchAction\",\"target\":{\"@type\":\"EntryPoint\",\"urlTemplate\":\"https:\/\/kaffeteriet.com\/de\/?s={search_term_string}\"},\"query-input\":{\"@type\":\"PropertyValueSpecification\",\"valueRequired\":true,\"valueName\":\"search_term_string\"}}],\"inLanguage\":\"de\"},{\"@type\":\"Organization\",\"@id\":\"https:\/\/kaffeteriet.com\/de\/#organization\",\"name\":\"Kaffeteriet vid G\u00f6ta kanal\",\"alternateName\":\"Kaffeteriet\",\"url\":\"https:\/\/kaffeteriet.com\/de\/\",\"logo\":{\"@type\":\"ImageObject\",\"inLanguage\":\"de\",\"@id\":\"https:\/\/kaffeteriet.com\/de\/#\/schema\/logo\/image\/\",\"url\":\"https:\/\/kaffeteriet.com\/wp-content\/uploads\/2022\/11\/Kaffeteriet_C1_500pix-R.jpg\",\"contentUrl\":\"https:\/\/kaffeteriet.com\/wp-content\/uploads\/2022\/11\/Kaffeteriet_C1_500pix-R.jpg\",\"width\":500,\"height\":91,\"caption\":\"Kaffeteriet vid G\u00f6ta kanal\"},\"image\":{\"@id\":\"https:\/\/kaffeteriet.com\/de\/#\/schema\/logo\/image\/\"},\"sameAs\":[\"https:\/\/www.instagram.com\/kaffeteriet\/\"]}]}<\/script>\n<!-- \/ Yoast SEO plugin. -->","yoast_head_json":{"title":"Caf\u00e9 - Kaffeteriet","description":"Besuchen Sie das Kaffeteriet, trinken Sie einen Kaffee oder eine Tasse Tee. Schauen Sie sich Boote an, spielen Sie Minigolf und erleben Sie den gem\u00fctlichen kleinen Borensberg.","robots":{"index":"index","follow":"follow","max-snippet":"max-snippet:-1","max-image-preview":"max-image-preview:large","max-video-preview":"max-video-preview:-1"},"canonical":"https:\/\/kaffeteriet.com\/de\/cafe\/","og_locale":"de_DE","og_type":"article","og_title":"Caf\u00e9 - Kaffeteriet","og_description":"Besuchen Sie das Kaffeteriet, trinken Sie einen Kaffee oder eine Tasse Tee. Schauen Sie sich Boote an, spielen Sie Minigolf und erleben Sie den gem\u00fctlichen kleinen Borensberg.","og_url":"https:\/\/kaffeteriet.com\/de\/cafe\/","og_site_name":"Kaffeteriet","article_modified_time":"2023-04-04T12:48:34+00:00","twitter_card":"summary_large_image","twitter_misc":{"Gesch\u00e4tzte Lesezeit":"2\u00a0Minuten"},"schema":{"@context":"https:\/\/schema.org","@graph":[{"@type":"WebPage","@id":"https:\/\/kaffeteriet.com\/de\/cafe\/","url":"https:\/\/kaffeteriet.com\/de\/cafe\/","name":"Caf\u00e9 - Kaffeteriet","isPartOf":{"@id":"https:\/\/kaffeteriet.com\/de\/#website"},"datePublished":"2022-07-12T08:50:02+00:00","dateModified":"2023-04-04T12:48:34+00:00","description":"Besuchen Sie das Kaffeteriet, trinken Sie einen Kaffee oder eine Tasse Tee. Schauen Sie sich Boote an, spielen Sie Minigolf und erleben Sie den gem\u00fctlichen kleinen Borensberg.","breadcrumb":{"@id":"https:\/\/kaffeteriet.com\/de\/cafe\/#breadcrumb"},"inLanguage":"de","potentialAction":[{"@type":"ReadAction","target":["https:\/\/kaffeteriet.com\/de\/cafe\/"]}]},{"@type":"BreadcrumbList","@id":"https:\/\/kaffeteriet.com\/de\/cafe\/#breadcrumb","itemListElement":[{"@type":"ListItem","position":1,"name":"Hem","item":"https:\/\/kaffeteriet.com\/de\/"},{"@type":"ListItem","position":2,"name":"Caf\u00e9"}]},{"@type":"WebSite","@id":"https:\/\/kaffeteriet.com\/de\/#website","url":"https:\/\/kaffeteriet.com\/de\/","name":"Kaffeteriet","description":"St\u00e4llplats, gott kaffe och charmig retro","publisher":{"@id":"https:\/\/kaffeteriet.com\/de\/#organization"},"potentialAction":[{"@type":"SearchAction","target":{"@type":"EntryPoint","urlTemplate":"https:\/\/kaffeteriet.com\/de\/?s={search_term_string}"},"query-input":{"@type":"PropertyValueSpecification","valueRequired":true,"valueName":"search_term_string"}}],"inLanguage":"de"},{"@type":"Organization","@id":"https:\/\/kaffeteriet.com\/de\/#organization","name":"Kaffeteriet vid G\u00f6ta kanal","alternateName":"Kaffeteriet","url":"https:\/\/kaffeteriet.com\/de\/","logo":{"@type":"ImageObject","inLanguage":"de","@id":"https:\/\/kaffeteriet.com\/de\/#\/schema\/logo\/image\/","url":"https:\/\/kaffeteriet.com\/wp-content\/uploads\/2022\/11\/Kaffeteriet_C1_500pix-R.jpg","contentUrl":"https:\/\/kaffeteriet.com\/wp-content\/uploads\/2022\/11\/Kaffeteriet_C1_500pix-R.jpg","width":500,"height":91,"caption":"Kaffeteriet vid G\u00f6ta kanal"},"image":{"@id":"https:\/\/kaffeteriet.com\/de\/#\/schema\/logo\/image\/"},"sameAs":["https:\/\/www.instagram.com\/kaffeteriet\/"]}]}},"_links":{"self":[{"href":"https:\/\/kaffeteriet.com\/de\/wp-json\/wp\/v2\/pages\/1164","targetHints":{"allow":["GET"]}}],"collection":[{"href":"https:\/\/kaffeteriet.com\/de\/wp-json\/wp\/v2\/pages"}],"about":[{"href":"https:\/\/kaffeteriet.com\/de\/wp-json\/wp\/v2\/types\/page"}],"author":[{"embeddable":true,"href":"https:\/\/kaffeteriet.com\/de\/wp-json\/wp\/v2\/users\/1"}],"replies":[{"embeddable":true,"href":"https:\/\/kaffeteriet.com\/de\/wp-json\/wp\/v2\/comments?post=1164"}],"version-history":[{"count":9,"href":"https:\/\/kaffeteriet.com\/de\/wp-json\/wp\/v2\/pages\/1164\/revisions"}],"predecessor-version":[{"id":1648,"href":"https:\/\/kaffeteriet.com\/de\/wp-json\/wp\/v2\/pages\/1164\/revisions\/1648"}],"wp:attachment":[{"href":"https:\/\/kaffeteriet.com\/de\/wp-json\/wp\/v2\/media?parent=1164"}],"curies":[{"name":"wp","href":"https:\/\/api.w.org\/{rel}","templated":true}]}}