{"id":1120,"date":"2022-07-12T10:43:09","date_gmt":"2022-07-12T08:43:09","guid":{"rendered":"https:\/\/kaffeteriet.com\/startseite\/"},"modified":"2025-11-11T09:15:37","modified_gmt":"2025-11-11T08:15:37","slug":"startseite","status":"publish","type":"page","link":"https:\/\/kaffeteriet.com\/de\/","title":{"rendered":"Startseite"},"content":{"rendered":"<p>[et_pb_section fb_built=&#8220;1&#8243; next_background_color=&#8220;#ffffff&#8220; _builder_version=&#8220;4.17.4&#8243; _module_preset=&#8220;default&#8220; background_color=&#8220;rgba(194,171,146,0.48)&#8220; custom_margin=&#8220;-10px||8px|||&#8220; custom_padding=&#8220;|1px|87px|||&#8220; bottom_divider_style=&#8220;ramp&#8220; bottom_divider_height=&#8220;109px&#8220; bottom_divider_repeat=&#8220;1x&#8220; global_colors_info=&#8220;{}&#8220;][et_pb_row column_structure=&#8220;3_4,1_4&#8243; _builder_version=&#8220;4.17.4&#8243; _module_preset=&#8220;default&#8220; custom_padding=&#8220;46px|||||&#8220; global_colors_info=&#8220;{}&#8220;][et_pb_column type=&#8220;3_4&#8243; _builder_version=&#8220;4.17.4&#8243; _module_preset=&#8220;default&#8220; global_colors_info=&#8220;{}&#8220;][et_pb_image src=&#8220;https:\/\/kaffeteriet.com\/wp-content\/uploads\/2022\/08\/Kaffeteriet_Stallplats_Gota_kanal_Borensberg-webb.jpg&#8220; alt=&#8220;Kaffeteriet Borensberg Cafe, Parkplatz, Minigolf G\u00f6ta Kanal&#8220; title_text=&#8220;Kaffeteriet_Stallplats_Gota_kanal_Borensberg-webb&#8220; src_tablet=&#8220;https:\/\/kaffeteriet.com\/wp-content\/uploads\/2022\/08\/Kaffeteriet_Stallplats_Gota_kanal_Borensberg-webb.jpg&#8220; src_phone=&#8220;https:\/\/kaffeteriet.com\/wp-content\/uploads\/2022\/08\/Kaffeteriet_Stallplats_Gota_kanal_Borensberg-webb.jpg&#8220; src_last_edited=&#8220;on|phone&#8220; align_tablet=&#8220;&#8220; align_phone=&#8220;&#8220; align_last_edited=&#8220;on|phone&#8220; _builder_version=&#8220;4.18.1&#8243; _module_preset=&#8220;default&#8220; width=&#8220;106.5%&#8220; custom_margin=&#8220;-27px|||1px||&#8220; custom_margin_tablet=&#8220;-27px|||-85px||&#8220; custom_margin_phone=&#8220;|||-23px|false|false&#8220; custom_margin_last_edited=&#8220;on|phone&#8220; custom_padding=&#8220;0px|||||&#8220; global_colors_info=&#8220;{}&#8220;][\/et_pb_image][et_pb_text content_tablet=&#8220;<\/p>\n<h1><strong>Willkommen bei Kaffeteriet in Borensberg<\/strong><\/h1>\n<\/p>\n<p>Halten Sie an und genie\u00dfen Sie eine Weile am G\u00f6ta-Kanal in Borensberg!<\/p>\n<p>Erleben Sie das bunte Treiben im Kanalhafen und sehen Sie vielleicht eines der sch\u00f6nen alten Kanalboote Diana, Juno oder Wilhelm Tham vorbeigleiten.<\/p>\n<p>Tanken Sie einen Kaffee oder ein Eis im Kaffeteriet und setzen Sie sich f\u00fcr eine Weile auf die Au\u00dfenterrasse direkt an der Gracht. Hier finden Sie sorgf\u00e4ltig ausgew\u00e4hlten Kaffee und hausgemachtes Geb\u00e4ck von jungen, sympathischen Sommerarbeitern!<\/p>\n<p><em>Herzlich willkommen!<\/em><\/p>\n<p>&#8220; content_phone=&#8220;<\/p>\n<h1><strong>Willkommen bei Kaffeteriet in Borensberg<\/strong><\/h1>\n<p>Halten Sie an und genie\u00dfen Sie eine Weile am G\u00f6ta-Kanal in Borensberg!<\/p>\n<p>Erleben Sie das bunte Treiben im Kanalhafen und sehen Sie vielleicht eines der sch\u00f6nen alten Kanalboote Diana, Juno oder Wilhelm Tham vorbeigleiten.<\/p>\n<p>Tanken Sie im Kaffeteriet einen Kaffee oder ein Eis und setzen Sie sich f\u00fcr eine Weile auf die Au\u00dfenterrasse direkt an der Gracht. Hier finden Sie sorgf\u00e4ltig ausgew\u00e4hlten Kaffee und hausgemachtes Geb\u00e4ck, zubereitet von netten jungen Sommerarbeitern!<\/p>\n<p><em>Herzlich willkommen!<\/em><\/p>\n<p>&#8220; content_last_edited=&#8220;off|desktop&#8220; _builder_version=&#8220;4.19.1&#8243; _module_preset=&#8220;default&#8220; text_font=&#8220;Cormorant Garamond||||||||&#8220; text_text_color=&#8220;#000000&#8243; text_font_size=&#8220;22px&#8220; custom_padding=&#8220;||18px|||&#8220; global_colors_info=&#8220;{}&#8220;]<\/p>\n<h1><strong>Willkommen bei Kaffeteriet in Borensberg <\/strong><\/h1>\n<p>&nbsp;<\/p>\n<p>Bleiben Sie einen Moment lang hier und geniessen Sie die gem\u00fctliche Atmosph\u00e4re in Borensberg direkt am G\u00f6ta Kanal.<\/p>\n<p>Erleben Sie das rege Treiben im Kanalhafen! Mit etwas Gl\u00fcck sehen Sie vielleicht sogar die klassischen Kanalschiffe M\/S Diana, M\/S Juno oder M\/S Wilhelm Tham vorbeifahren.<\/p>\n<h2>Kaffee<\/h2>\n<p>Falls Sie Lust auf eine schwedische Fika haben, sind Sie herzlich willkommen im Caf\u00e9 Kaffeteriet! Setzen Sie sich in der Gartenwirtschaft mit Aussicht auf den G\u00f6ta Kanal hin und geniessen Sie hausgemachtes Geb\u00e4ck, k\u00f6stliche Kaffeesorten oder ein erfrischendes Eis. Sie werden von herrlichen Jugendlichen, welche hier im Sommer arbeiten, bedient.<\/p>\n<h2>Echte Wohnmobilstellpl\u00e4tze<\/h2>\n<p>Ebenfalls stehen hier Stellpl\u00e4tze am G\u00f6ta Kanal zur Verf\u00fcgung. Verbringen Sie hier ein paar Tage und erleben Sie die vielseitige Umgebung!<\/p>\n<p><em>Herzlich willkommen!<\/em><\/p>\n<p>[\/et_pb_text][\/et_pb_column][et_pb_column type=&#8220;1_4&#8243; _builder_version=&#8220;4.17.4&#8243; _module_preset=&#8220;default&#8220; global_colors_info=&#8220;{}&#8220;][\/et_pb_column][\/et_pb_row][\/et_pb_section][et_pb_section fb_built=&#8220;1&#8243; _builder_version=&#8220;4.17.4&#8243; _module_preset=&#8220;default&#8220; custom_padding=&#8220;||3px|||&#8220; global_colors_info=&#8220;{}&#8220;][et_pb_row column_structure=&#8220;1_2,1_2&#8243; _builder_version=&#8220;4.17.4&#8243; _module_preset=&#8220;default&#8220; custom_padding=&#8220;1px|||||&#8220; global_colors_info=&#8220;{}&#8220;][et_pb_column type=&#8220;1_2&#8243; _builder_version=&#8220;4.17.4&#8243; _module_preset=&#8220;default&#8220; global_colors_info=&#8220;{}&#8220;][et_pb_text _builder_version=&#8220;4.18.1&#8243; _module_preset=&#8220;default&#8220; custom_margin=&#8220;||3px|||&#8220; global_colors_info=&#8220;{}&#8220;]<\/p>\n<h2 style=\"text-align: center\"><a href=\"https:\/\/kaffeteriet.com\/de\/cafe\/\">Caf\u00e9 mit Retro-Ambiente<\/a><\/h2>\n<p>[\/et_pb_text][et_pb_image src=&#8220;https:\/\/kaffeteriet.com\/wp-content\/uploads\/2022\/10\/kaffeteriet-Insta-1083-x-618.jpg&#8220; title_text=&#8220;kaffeteriet-Insta-1083-x-618&#8243; url=&#8220;https:\/\/kaffeteriet.com\/de\/cafe\/&#8220; _builder_version=&#8220;4.18.0&#8243; _module_preset=&#8220;default&#8220; custom_padding=&#8220;||0px|||&#8220; global_colors_info=&#8220;{}&#8220;][\/et_pb_image][\/et_pb_column][et_pb_column type=&#8220;1_2&#8243; _builder_version=&#8220;4.17.4&#8243; _module_preset=&#8220;default&#8220; global_colors_info=&#8220;{}&#8220;][\/et_pb_column][\/et_pb_row][\/et_pb_section][et_pb_section fb_built=&#8220;1&#8243; _builder_version=&#8220;4.17.4&#8243; _module_preset=&#8220;default&#8220; global_colors_info=&#8220;{}&#8220;][et_pb_row column_structure=&#8220;1_2,1_2&#8243; _builder_version=&#8220;4.17.4&#8243; _module_preset=&#8220;default&#8220; custom_padding=&#8220;1px|||||&#8220; global_colors_info=&#8220;{}&#8220;][et_pb_column type=&#8220;1_2&#8243; _builder_version=&#8220;4.17.4&#8243; _module_preset=&#8220;default&#8220; global_colors_info=&#8220;{}&#8220;][et_pb_text _builder_version=&#8220;4.18.1&#8243; _module_preset=&#8220;default&#8220; custom_margin=&#8220;||3px|||&#8220; global_colors_info=&#8220;{}&#8220;]<\/p>\n<h2 style=\"text-align: center\"><a href=\"https:\/\/www.stellpy.se\/sp?SP=2\">Echter Wohnmobilstellplatz Kaffeteriet<\/a><\/h2>\n<p>[\/et_pb_text][et_pb_image src=&#8220;https:\/\/kaffeteriet.com\/wp-content\/uploads\/2022\/10\/Gota_kanal_Borensberg_Kaffeteriet_Stallplats_1083x618.jpg&#8220; title_text=&#8220;Gota_kanal_Borensberg_Kaffeteriet_Stallplats_1083x618&#8243; url=&#8220;https:\/\/kaffeteriet.com\/de\/wohnmobilstellplaetze\/&#8220; _builder_version=&#8220;4.19.1&#8243; _module_preset=&#8220;default&#8220; width=&#8220;100%&#8220; custom_padding=&#8220;||0px|||&#8220; global_colors_info=&#8220;{}&#8220;][\/et_pb_image][et_pb_button button_url=&#8220;https:\/\/www.stellpy.se\/sp?SP=2&#8243; button_text=&#8220;Einen Stellplatz buchen&#8220; button_alignment=&#8220;center&#8220; _builder_version=&#8220;4.17.4&#8243; _module_preset=&#8220;default&#8220; custom_button=&#8220;on&#8220; button_text_color=&#8220;#FFFFFF&#8220; button_bg_color=&#8220;#C2AB92&#8243; button_border_color=&#8220;#C2AB92&#8243; button_border_radius=&#8220;0px&#8220; button_font=&#8220;|||on|||||&#8220; button_icon=&#8220;&#x35;||divi||400&#8243; button_icon_color=&#8220;#FFFFFF&#8220; global_colors_info=&#8220;{}&#8220;][\/et_pb_button][\/et_pb_column][et_pb_column type=&#8220;1_2&#8243; _builder_version=&#8220;4.17.4&#8243; _module_preset=&#8220;default&#8220; global_colors_info=&#8220;{}&#8220;][et_pb_text _builder_version=&#8220;4.18.1&#8243; _module_preset=&#8220;default&#8220; custom_margin=&#8220;||2px|||&#8220; global_colors_info=&#8220;{}&#8220;]<\/p>\n<h2 style=\"text-align: center\"><a href=\"https:\/\/kaffeteriet.com\/de\/ein-fahrrad-mieten\/\">Fahrradverleih am G\u00f6ta Kanal<\/a><\/h2>\n<p>[\/et_pb_text][et_pb_image src=&#8220;https:\/\/kaffeteriet.com\/wp-content\/uploads\/2022\/08\/1600227_Gota_kanal-0838_1083pix.jpg&#8220; title_text=&#8220;1600227_Gota_kanal-0838_1083pix&#8220; url=&#8220;https:\/\/kaffeteriet.com\/de\/ein-fahrrad-mieten\/&#8220; _builder_version=&#8220;4.17.4&#8243; _module_preset=&#8220;default&#8220; global_colors_info=&#8220;{}&#8220;][\/et_pb_image][et_pb_button button_url=&#8220;@ET-DC@eyJkeW5hbWljIjp0cnVlLCJjb250ZW50IjoicG9zdF9saW5rX3VybF9wYWdlIiwic2V0dGluZ3MiOnsicG9zdF9pZCI6IjI2In19@&#8220; button_text=&#8220;Buchen Sie ein Fahrrad&#8220; button_alignment=&#8220;center&#8220; _builder_version=&#8220;4.17.4&#8243; _dynamic_attributes=&#8220;button_url&#8220; _module_preset=&#8220;default&#8220; custom_button=&#8220;on&#8220; button_text_color=&#8220;#FFFFFF&#8220; button_bg_color=&#8220;#C2AB92&#8243; button_border_color=&#8220;#C2AB92&#8243; button_border_radius=&#8220;0px&#8220; button_font=&#8220;|||on|||||&#8220; button_icon=&#8220;&#x35;||divi||400&#8243; button_icon_color=&#8220;#FFFFFF&#8220; global_colors_info=&#8220;{}&#8220;][\/et_pb_button][\/et_pb_column][\/et_pb_row][\/et_pb_section]<\/p>\n","protected":false},"excerpt":{"rendered":"<p>Willkommen bei Kaffeteriet in Borensberg &nbsp; Bleiben Sie einen Moment lang hier und geniessen Sie die gem\u00fctliche Atmosph\u00e4re in Borensberg direkt am G\u00f6ta Kanal. Erleben Sie das rege Treiben im Kanalhafen! Mit etwas Gl\u00fcck sehen Sie vielleicht sogar die klassischen Kanalschiffe M\/S Diana, M\/S Juno oder M\/S Wilhelm Tham vorbeifahren. Kaffee Falls Sie Lust auf [&hellip;]<\/p>\n","protected":false},"author":1,"featured_media":0,"parent":0,"menu_order":0,"comment_status":"closed","ping_status":"closed","template":"","meta":{"_et_pb_use_builder":"on","_et_pb_old_content":"","_et_gb_content_width":"","footnotes":""},"class_list":["post-1120","page","type-page","status-publish","hentry"],"yoast_head":"<!-- This site is optimized with the Yoast SEO plugin v24.1 - https:\/\/yoast.com\/wordpress\/plugins\/seo\/ -->\n<title>Startseite - Kaffeteriet<\/title>\n<meta name=\"description\" content=\"Willkommen im Kaffeteriet in Borensberg am G\u00f6ta-Kanal. Stellplatz, gute Erfrischungen, gem\u00fctliche Umgebung und Kanalboote, Minigolf und Fahrradverleih\" \/>\n<meta name=\"robots\" content=\"index, follow, max-snippet:-1, max-image-preview:large, max-video-preview:-1\" \/>\n<link rel=\"canonical\" href=\"https:\/\/kaffeteriet.com\/de\/\" \/>\n<meta property=\"og:locale\" content=\"de_DE\" \/>\n<meta property=\"og:type\" content=\"article\" \/>\n<meta property=\"og:title\" content=\"Startseite - Kaffeteriet\" \/>\n<meta property=\"og:description\" content=\"Willkommen im Kaffeteriet in Borensberg am G\u00f6ta-Kanal. Stellplatz, gute Erfrischungen, gem\u00fctliche Umgebung und Kanalboote, Minigolf und Fahrradverleih\" \/>\n<meta property=\"og:url\" content=\"https:\/\/kaffeteriet.com\/de\/\" \/>\n<meta property=\"og:site_name\" content=\"Kaffeteriet\" \/>\n<meta property=\"article:modified_time\" content=\"2025-11-11T08:15:37+00:00\" \/>\n<meta name=\"twitter:card\" content=\"summary_large_image\" \/>\n<meta name=\"twitter:label1\" content=\"Gesch\u00e4tzte Lesezeit\" \/>\n\t<meta name=\"twitter:data1\" content=\"5\u00a0Minuten\" \/>\n<script type=\"application\/ld+json\" class=\"yoast-schema-graph\">{\"@context\":\"https:\/\/schema.org\",\"@graph\":[{\"@type\":\"WebPage\",\"@id\":\"https:\/\/kaffeteriet.com\/de\/\",\"url\":\"https:\/\/kaffeteriet.com\/de\/\",\"name\":\"Startseite - Kaffeteriet\",\"isPartOf\":{\"@id\":\"https:\/\/kaffeteriet.com\/de\/#website\"},\"datePublished\":\"2022-07-12T08:43:09+00:00\",\"dateModified\":\"2025-11-11T08:15:37+00:00\",\"description\":\"Willkommen im Kaffeteriet in Borensberg am G\u00f6ta-Kanal. Stellplatz, gute Erfrischungen, gem\u00fctliche Umgebung und Kanalboote, Minigolf und Fahrradverleih\",\"breadcrumb\":{\"@id\":\"https:\/\/kaffeteriet.com\/de\/#breadcrumb\"},\"inLanguage\":\"de\",\"potentialAction\":[{\"@type\":\"ReadAction\",\"target\":[\"https:\/\/kaffeteriet.com\/de\/\"]}]},{\"@type\":\"BreadcrumbList\",\"@id\":\"https:\/\/kaffeteriet.com\/de\/#breadcrumb\",\"itemListElement\":[{\"@type\":\"ListItem\",\"position\":1,\"name\":\"Hem\",\"item\":\"https:\/\/kaffeteriet.com\/de\/\"},{\"@type\":\"ListItem\",\"position\":2,\"name\":\"Startseite\"}]},{\"@type\":\"WebSite\",\"@id\":\"https:\/\/kaffeteriet.com\/de\/#website\",\"url\":\"https:\/\/kaffeteriet.com\/de\/\",\"name\":\"Kaffeteriet\",\"description\":\"St\u00e4llplats, gott kaffe och charmig retro\",\"publisher\":{\"@id\":\"https:\/\/kaffeteriet.com\/de\/#organization\"},\"potentialAction\":[{\"@type\":\"SearchAction\",\"target\":{\"@type\":\"EntryPoint\",\"urlTemplate\":\"https:\/\/kaffeteriet.com\/de\/?s={search_term_string}\"},\"query-input\":{\"@type\":\"PropertyValueSpecification\",\"valueRequired\":true,\"valueName\":\"search_term_string\"}}],\"inLanguage\":\"de\"},{\"@type\":\"Organization\",\"@id\":\"https:\/\/kaffeteriet.com\/de\/#organization\",\"name\":\"Kaffeteriet vid G\u00f6ta kanal\",\"alternateName\":\"Kaffeteriet\",\"url\":\"https:\/\/kaffeteriet.com\/de\/\",\"logo\":{\"@type\":\"ImageObject\",\"inLanguage\":\"de\",\"@id\":\"https:\/\/kaffeteriet.com\/de\/#\/schema\/logo\/image\/\",\"url\":\"https:\/\/kaffeteriet.com\/wp-content\/uploads\/2022\/11\/Kaffeteriet_C1_500pix-R.jpg\",\"contentUrl\":\"https:\/\/kaffeteriet.com\/wp-content\/uploads\/2022\/11\/Kaffeteriet_C1_500pix-R.jpg\",\"width\":500,\"height\":91,\"caption\":\"Kaffeteriet vid G\u00f6ta kanal\"},\"image\":{\"@id\":\"https:\/\/kaffeteriet.com\/de\/#\/schema\/logo\/image\/\"},\"sameAs\":[\"https:\/\/www.instagram.com\/kaffeteriet\/\"]}]}<\/script>\n<!-- \/ Yoast SEO plugin. -->","yoast_head_json":{"title":"Startseite - Kaffeteriet","description":"Willkommen im Kaffeteriet in Borensberg am G\u00f6ta-Kanal. Stellplatz, gute Erfrischungen, gem\u00fctliche Umgebung und Kanalboote, Minigolf und Fahrradverleih","robots":{"index":"index","follow":"follow","max-snippet":"max-snippet:-1","max-image-preview":"max-image-preview:large","max-video-preview":"max-video-preview:-1"},"canonical":"https:\/\/kaffeteriet.com\/de\/","og_locale":"de_DE","og_type":"article","og_title":"Startseite - Kaffeteriet","og_description":"Willkommen im Kaffeteriet in Borensberg am G\u00f6ta-Kanal. Stellplatz, gute Erfrischungen, gem\u00fctliche Umgebung und Kanalboote, Minigolf und Fahrradverleih","og_url":"https:\/\/kaffeteriet.com\/de\/","og_site_name":"Kaffeteriet","article_modified_time":"2025-11-11T08:15:37+00:00","twitter_card":"summary_large_image","twitter_misc":{"Gesch\u00e4tzte Lesezeit":"5\u00a0Minuten"},"schema":{"@context":"https:\/\/schema.org","@graph":[{"@type":"WebPage","@id":"https:\/\/kaffeteriet.com\/de\/","url":"https:\/\/kaffeteriet.com\/de\/","name":"Startseite - Kaffeteriet","isPartOf":{"@id":"https:\/\/kaffeteriet.com\/de\/#website"},"datePublished":"2022-07-12T08:43:09+00:00","dateModified":"2025-11-11T08:15:37+00:00","description":"Willkommen im Kaffeteriet in Borensberg am G\u00f6ta-Kanal. Stellplatz, gute Erfrischungen, gem\u00fctliche Umgebung und Kanalboote, Minigolf und Fahrradverleih","breadcrumb":{"@id":"https:\/\/kaffeteriet.com\/de\/#breadcrumb"},"inLanguage":"de","potentialAction":[{"@type":"ReadAction","target":["https:\/\/kaffeteriet.com\/de\/"]}]},{"@type":"BreadcrumbList","@id":"https:\/\/kaffeteriet.com\/de\/#breadcrumb","itemListElement":[{"@type":"ListItem","position":1,"name":"Hem","item":"https:\/\/kaffeteriet.com\/de\/"},{"@type":"ListItem","position":2,"name":"Startseite"}]},{"@type":"WebSite","@id":"https:\/\/kaffeteriet.com\/de\/#website","url":"https:\/\/kaffeteriet.com\/de\/","name":"Kaffeteriet","description":"St\u00e4llplats, gott kaffe och charmig retro","publisher":{"@id":"https:\/\/kaffeteriet.com\/de\/#organization"},"potentialAction":[{"@type":"SearchAction","target":{"@type":"EntryPoint","urlTemplate":"https:\/\/kaffeteriet.com\/de\/?s={search_term_string}"},"query-input":{"@type":"PropertyValueSpecification","valueRequired":true,"valueName":"search_term_string"}}],"inLanguage":"de"},{"@type":"Organization","@id":"https:\/\/kaffeteriet.com\/de\/#organization","name":"Kaffeteriet vid G\u00f6ta kanal","alternateName":"Kaffeteriet","url":"https:\/\/kaffeteriet.com\/de\/","logo":{"@type":"ImageObject","inLanguage":"de","@id":"https:\/\/kaffeteriet.com\/de\/#\/schema\/logo\/image\/","url":"https:\/\/kaffeteriet.com\/wp-content\/uploads\/2022\/11\/Kaffeteriet_C1_500pix-R.jpg","contentUrl":"https:\/\/kaffeteriet.com\/wp-content\/uploads\/2022\/11\/Kaffeteriet_C1_500pix-R.jpg","width":500,"height":91,"caption":"Kaffeteriet vid G\u00f6ta kanal"},"image":{"@id":"https:\/\/kaffeteriet.com\/de\/#\/schema\/logo\/image\/"},"sameAs":["https:\/\/www.instagram.com\/kaffeteriet\/"]}]}},"_links":{"self":[{"href":"https:\/\/kaffeteriet.com\/de\/wp-json\/wp\/v2\/pages\/1120","targetHints":{"allow":["GET"]}}],"collection":[{"href":"https:\/\/kaffeteriet.com\/de\/wp-json\/wp\/v2\/pages"}],"about":[{"href":"https:\/\/kaffeteriet.com\/de\/wp-json\/wp\/v2\/types\/page"}],"author":[{"embeddable":true,"href":"https:\/\/kaffeteriet.com\/de\/wp-json\/wp\/v2\/users\/1"}],"replies":[{"embeddable":true,"href":"https:\/\/kaffeteriet.com\/de\/wp-json\/wp\/v2\/comments?post=1120"}],"version-history":[{"count":9,"href":"https:\/\/kaffeteriet.com\/de\/wp-json\/wp\/v2\/pages\/1120\/revisions"}],"predecessor-version":[{"id":1706,"href":"https:\/\/kaffeteriet.com\/de\/wp-json\/wp\/v2\/pages\/1120\/revisions\/1706"}],"wp:attachment":[{"href":"https:\/\/kaffeteriet.com\/de\/wp-json\/wp\/v2\/media?parent=1120"}],"curies":[{"name":"wp","href":"https:\/\/api.w.org\/{rel}","templated":true}]}}